{"id":11053,"date":"2021-12-21T12:32:22","date_gmt":"2021-12-21T12:32:22","guid":{"rendered":"https:\/\/www.mesh-web.dev\/ekenade\/?page_id=11053"},"modified":"2025-11-17T10:00:33","modified_gmt":"2025-11-17T10:00:33","slug":"agb","status":"publish","type":"page","link":"https:\/\/ekena.de\/sq\/agb\/","title":{"rendered":"Termet &amp; kushtet"},"content":{"rendered":"<div data-elementor-type=\"wp-page\" data-elementor-id=\"11053\" class=\"elementor elementor-11053\" data-elementor-post-type=\"page\">\n\t\t\t\t<div class=\"elementor-element elementor-element-41b25da e-flex e-con-boxed e-con e-parent\" data-id=\"41b25da\" data-element_type=\"container\" data-e-type=\"container\">\n\t\t\t\t\t<div class=\"e-con-inner\">\n\t\t<div class=\"elementor-element elementor-element-819c993 e-con-full e-flex e-con e-child\" data-id=\"819c993\" data-element_type=\"container\" data-e-type=\"container\">\n\t\t\t\t<div class=\"elementor-element elementor-element-8bb7a09 elementor-widget elementor-widget-text-editor\" data-id=\"8bb7a09\" data-element_type=\"widget\" data-e-type=\"widget\" data-widget_type=\"text-editor.default\">\n\t\t\t\t<div class=\"elementor-widget-container\">\n\t\t\t\t\t\t\t\t\t<h1><strong data-olk-copy-source=\"MessageBody\">Allgemeine Gesch\u00e4ftsbedingungen<\/strong><\/h1><div><p>1. <u><a href=\"#geltungsbereich\">Geltungsbereich<\/a><\/u><br \/>2. <u><a href=\"#vertragspartner,_vertragsschluss,_korrekturm\u00f6glichkeiten\">Vertragspartner, Vertragsschluss, Korrekturm\u00f6glichkeiten<\/a><\/u><br \/>3. <u><a href=\"#vertragssprache,_vertragstextspeicherung\">Vertragssprache, Vertragstextspeicherung<\/a><\/u><br \/>4. <u><a href=\"#vertragsgegenstand\">Vertragsgegenstand<\/a><\/u><br \/>5. <u><a href=\"#lieferbedingungen\">Lieferbedingungen<\/a><\/u><br \/>6. <u><a href=\"#bezahlung\">Bezahlung<\/a><\/u><br \/>7. <u><a href=\"#eigentumsvorbehalt\">Eigentumsvorbehalt<\/a><\/u><br \/>8. <u><a href=\"#transportsch\u00e4den\">Transportsch\u00e4den<\/a><\/u><br \/>9. <u><a href=\"#gew\u00e4hrleistung_und_garantien\">Gew\u00e4hrleistung und Garantien<\/a><\/u><br \/>10. <u><a href=\"#haftung\">Haftung<\/a><\/u><br \/>11. <u><a href=\"#streitbeilegung\">Streitbeilegung<\/a><\/u><br \/>12. <u><a href=\"#jugendschutz\">Jugendschutz<\/a><\/u><\/p><p>\u00a0<\/p><\/div><h2 id=\"geltungsbereich\">1.\u00a0Geltungsbereich<\/h2><p>F\u00fcr alle Bestellungen \u00fcber unseren Online-Shop gelten die nachfolgenden AGB. Unser Online-Shop richtet sich ausschlie\u00dflich an Verbraucher.<\/p><p>Verbraucher ist jede nat\u00fcrliche Person, die ein Rechtsgesch\u00e4ft zu Zwecken abschlie\u00dft, die \u00fcberwiegend weder ihrer gewerblichen noch ihrer selbst\u00e4ndigen beruflichen T\u00e4tigkeit zugerechnet werden k\u00f6nnen. Unternehmer ist eine nat\u00fcrliche oder juristische Person oder eine rechtsf\u00e4hige Personengesellschaft, die bei Abschluss eines Rechtsgesch\u00e4fts in Aus\u00fcbung ihrer gewerblichen oder selbst\u00e4ndigen beruflichen T\u00e4tigkeit handelt.<\/p><h2 id=\"vertragspartner,_vertragsschluss,_korrekturm\u00f6glichkeiten\">2.\u00a0Vertragspartner, Vertragsschluss, Korrekturm\u00f6glichkeiten<\/h2><p>Der Kaufvertrag kommt zustande mit FGO Impex.<\/p><p>Mit Einstellung der Produkte in den Online-Shop geben wir ein verbindliches Angebot zum Vertragsschluss \u00fcber diese Produkte ab. Sie k\u00f6nnen unsere Produkte zun\u00e4chst unverbindlich in den Warenkorb legen und Ihre Eingaben vor Absenden Ihrer verbindlichen Bestellung jederzeit korrigieren, indem Sie die hierf\u00fcr im Bestellablauf vorgesehenen und erl\u00e4uterten Korrekturhilfen nutzen. Der Vertrag kommt zustande, indem Sie durch Anklicken des Bestellbuttons das Angebot \u00fcber die im Warenkorb enthaltenen Produkte annehmen. Unmittelbar nach dem Absenden der Bestellung erhalten Sie noch einmal eine Best\u00e4tigung per E-Mail.<\/p><h2 id=\"vertragssprache,_vertragstextspeicherung\">3.\u00a0Vertragssprache, Vertragstextspeicherung<\/h2><p>Die f\u00fcr den Vertragsschluss zur Verf\u00fcgung stehende(n) Sprache(n): Deutsch<\/p><p>Wir speichern den Vertragstext und senden Ihnen die Bestelldaten und unsere AGB in Textform zu. Der Vertragstext ist aus Sicherheitsgr\u00fcnden nicht mehr \u00fcber das Internet zug\u00e4nglich.<\/p><h2 id=\"vertragsgegenstand\">4.\u00a0Vertragsgegenstand<\/h2><h3 id=\"x_x_produktbeschreibung\">4.1\u00a0Produktbeschreibung<\/h3><p>Auf die Geltung der jeweiligen Produktbeschreibung als wesentlicher Bestandteil des Vertrages wird hingewiesen.<\/p><h3 id=\"produktbilder\">4.2\u00a0Produktbilder<\/h3><p>Unbeschadet Ihrer gesetzlichen Gew\u00e4hrleistungsrechte m\u00f6chten wir Sie auf die nachfolgenden Besonderheiten hinweisen. Bei Unsicherheiten setzen Sie sich bitte mit uns in Verbindung:<\/p><p>Aufgrund individueller Bildschirmkonfigurationen (z.B. Aufl\u00f6sung und Helligkeit) sind geringf\u00fcgige Abweichungen zwischen den dargestellten und den tats\u00e4chlichen\u00a0Produktfarben\u00a0m\u00f6glich.<\/p><p>Bei\u00a0Holzprodukten\u00a0sind nat\u00fcrliche Abweichungen hinsichtlich Maserung, Struktur und Farbe des Holzes m\u00f6glich.<\/p><h2 id=\"lieferbedingungen\">5.\u00a0Lieferbedingungen<\/h2><h3 id=\"lieferoptionen\">\u00a0Lieferoptionen<\/h3><p>Wir versenden die Produkte an die im Bestellprozess angegebene Lieferadresse.<\/p><p>Sie haben grunds\u00e4tzlich die M\u00f6glichkeit der Abholung bei Ekena Markt, Am Engelsgraben 2-18, 53757 Sankt Augustin, Deutschland zu den nachfolgend angegebenen Gesch\u00e4ftszeiten: 10:00 &#8211; 19:00 Uhr<\/p><p>Wir liefern nicht an Packstationen.<\/p><h2 id=\"bezahlung\">6.\u00a0Bezahlung<\/h2><h3 id=\"preise\">6.1\u00a0 Preise<\/h3><p>Es gelten die zum Zeitpunkt der Bestellung angegebenen Preise. Diese sind Gesamtpreise und enthalten die gesetzliche Mehrwertsteuer.<\/p><h3 id=\"f\u00e4lligkeit_und_zahlungsverzug\">6.2\u00a0F\u00e4lligkeit und Zahlungsverzug<\/h3><p>Der Preis ist mit Vertragsschluss f\u00e4llig, wenn sich kein sp\u00e4terer Zeitpunkt aus den nachfolgenden Zahlungsbedingungen ergibt.<\/p><p>F\u00fcr den Fall eines Zahlungsverzugs behalten wir uns vor, Ihnen bei der zweiten und jeder folgenden Mahnung eine Geb\u00fchr in H\u00f6he von 1,50 Euro pro Mahnung in Rechnung zu stellen. Ihnen bleibt der Nachweis der Entstehung eines geringeren Schadens vorbehalten. Weitere Anspr\u00fcche bleiben hiervon unber\u00fchrt.<\/p><h3 id=\"zahlungsarten\">6.3\u00a0Zahlungsarten<\/h3><p>In unserem Shop stehen Ihnen grunds\u00e4tzlich die nachfolgenden Zahlungsarten zur Verf\u00fcgung.<\/p><p>Kreditkarte<br \/>Im Bestellprozess geben Sie Ihre Kreditkartendaten an. Ihre Karte wird unmittelbar nach Abgabe der Bestellung belastet.<\/p><p>Apple Pay<br \/>Um den Rechnungsbetrag \u00fcber den Zahlungsdienstleister Apple Inc., One Apple Park Way, Cupertino, CA 95014, USA (\u201eApple\u201c) bezahlen zu k\u00f6nnen, m\u00fcssen Sie den Browser \u201eSafari\u201c nutzen, bei Apple registriert sein, die Funktion Apple Pay aktiviert haben, sich mit Ihren Zugangsdaten legitimieren und die Zahlungsanweisung best\u00e4tigen. Die Zahlungstransaktion wird unmittelbar nach Abgabe der Bestellung durchgef\u00fchrt. Weitere Hinweise erhalten Sie im Bestellvorgang.<\/p><p>Google Pay<br \/>Um den Rechnungsbetrag \u00fcber den Zahlungsdienstleister Google Ireland Ltd., Gordon House, Barrow Street, Dublin 4, Irland (\u201eGoogle\u201c) bezahlen zu k\u00f6nnen, m\u00fcssen Sie bei Google registriert sein, die Funktion Google Pay aktiviert haben, sich mit Ihren Zugangsdaten legitimieren und die Zahlungsanweisung best\u00e4tigen. Die Zahlungstransaktion wird unmittelbar nach Abgabe der Bestellung durchgef\u00fchrt. Weitere Hinweise erhalten Sie beim Bestellvorgang.<\/p><p>Klarna<br \/>In Zusammenarbeit mit dem Zahlungsdienstleister Klarna Bank AB (publ.), Sveav\u00e4gen 46, 111 34 Stockholm, Schweden (\u201eKlarna\u201c) bieten wir Ihnen die nachfolgenden Zahlungsoptionen an. Sofern nachfolgend nichts anderes geregelt ist, setzt die Zahlung \u00fcber Klarna eine erfolgreiche Adress- und Bonit\u00e4tspr\u00fcfung voraus und sie erfolgt direkt an Klarna. Weitere Hinweise erhalten Sie bei der jeweiligen Zahlungsoption und im Bestellprozess.<\/p><p>Kreditkarte \u00fcber Klarna<br \/>Im Bestellprozess geben Sie Ihre Kreditkartendaten an. Ihre Karte wird durch Klarna unmittelbar nach Abgabe der Bestellung belastet. Eine Adress- und Bonit\u00e4tspr\u00fcfung findet nicht statt.<\/p><p>Lastschrift \u00fcber Klarna<br \/>Sie erteilen Klarna ein SEPA-Lastschriftmandat. \u00dcber das Datum der Kontobelastung wird Sie Klarna informieren (sog. Prenotification). Die Kontobelastung erfolgt nach Versand der Ware.<\/p><p>Ratenkauf \u00fcber Klarna<br \/>Sie k\u00f6nnen den Rechnungsbetrag in bis zu 36 monatlichen Raten bezahlen. Bei manchen Bestellungen ist m\u00f6glicherweise eine Anzahlung erforderlich. Die F\u00e4lligkeit richtet sich nach dem Zahlungsplan von Klarna. Die Zahlungsart Ratenkauf \u00fcber Klarna kann nur von Verbrauchern genutzt werden.<\/p><p>Klarna kann registrierten und nach eigenen Kriterien ausgew\u00e4hlten Klarna-Kunden weitere Zahlungsmodalit\u00e4ten im Kundenkonto anbieten (z.B. zinsfreie Ratenpl\u00e4ne). Auf das Anbieten dieser Modalit\u00e4ten haben wir allerdings keinen Einfluss; weitere individuell angebotene Zahlungsmodalit\u00e4ten betreffen Ihr Rechtsverh\u00e4ltnis mit Klarna. Weitere Informationen hierzu finden Sie in Ihrem Klarna-Konto<\/p><p>Sofort\/ Sofort\u00fcberweisung \u00fcber Klarna<br \/>Um den Rechnungsbetrag per Sofort\/Sofort\u00fcberweisung \u00fcber Klarna bezahlen zu k\u00f6nnen, m\u00fcssen Sie \u00fcber einen Klarna Account und ein f\u00fcr Online-Banking freigeschaltetes Bankkonto verf\u00fcgen, sich entsprechend legitimieren und die Zahlungsanweisung best\u00e4tigen. Bei Zahlung per Sofort\u00fcberweisung wird von Klarna keine Bonit\u00e4tspr\u00fcfung durchgef\u00fchrt. Ihr Konto wird unmittelbar nach Abgabe der Bestellung belastet. Weitere Hinweise erhalten Sie im Bestellvorgang.<\/p><p>PayPal, PayPal Express<br \/>Um den Rechnungsbetrag \u00fcber den Zahlungsdienstleister PayPal (Europe) S.\u00e0 r.l. et Cie, S.C.A, 22-24 Boulevard Royal, L-2449 Luxembourg (\u201ePayPal\u201c) bezahlen zu k\u00f6nnen, m\u00fcssen Sie bei PayPal registriert sein, sich mit Ihren Zugangsdaten legitimieren und die Zahlungsanweisung best\u00e4tigen. Die Zahlungstransaktion wird durch PayPal unmittelbar nach Abgabe der Bestellung durchgef\u00fchrt. Weitere Hinweise erhalten Sie im Bestellvorgang.<\/p><p>PayPal kann registrierten und nach eigenen Kriterien ausgew\u00e4hlten PayPal-Kunden weitere Zahlungsmodalit\u00e4ten im Kundenkonto anbieten. Auf das Anbieten dieser Modalit\u00e4ten haben wir allerdings keinen Einfluss; weitere individuell angebotene Zahlungsmodalit\u00e4ten betreffen Ihr Rechtsverh\u00e4ltnis mit PayPal. Weitere Informationen hierzu finden Sie in Ihrem PayPal-Konto.<\/p><p>PayPal<br \/>In Zusammenarbeit mit dem Zahlungsdienstleister PayPal (Europe) S.\u00e0 r.l. et Cie, S.C.A, 22-24 Boulevard Royal, L-2449 Luxembourg (\u201ePayPal\u201c) bieten wir Ihnen die nachfolgenden Zahlungsoptionen als PayPal Services an. Sofern nachfolgend nichts anderes geregelt ist, setzt die Zahlung \u00fcber PayPal keine Registrierung bei PayPal voraus. Weitere Hinweise erhalten Sie bei der jeweiligen Zahlungsoption und im Bestellvorgang.<\/p><p>PayPal, PayPal Express<br \/>Um den Rechnungsbetrag \u00fcber die Zahlungsoption PayPal bezahlen zu k\u00f6nnen, m\u00fcssen Sie bei PayPal registriert sein, sich mit Ihren Zugangsdaten legitimieren und die Zahlungsanweisung best\u00e4tigen. Die Zahlungstransaktion wird durch PayPal unmittelbar nach Abgabe der Bestellung durchgef\u00fchrt.<\/p><p>PayPal kann registrierten und nach eigenen Kriterien ausgew\u00e4hlten PayPal-Kunden weitere Zahlungsmodalit\u00e4ten im Kundenkonto anbieten. Auf das Anbieten dieser Modalit\u00e4ten haben wir allerdings keinen Einfluss; weitere individuell angebotene Zahlungsmodalit\u00e4ten betreffen Ihr Rechtsverh\u00e4ltnis mit PayPal. Weitere Informationen hierzu finden Sie in Ihrem PayPal-Konto.<\/p><h2 id=\"x_x_eigentumsvorbehalt\">7.\u00a0Eigentumsvorbehalt<\/h2><p>Das Produkt bleibt bis zur vollst\u00e4ndigen Bezahlung unser Eigentum.<\/p><h2 id=\"x_x_transportsch\u00e4den\">8.\u00a0Transportsch\u00e4den<\/h2><p>Werden Waren mit offensichtlichen Transportsch\u00e4den angeliefert, so reklamieren Sie solche Fehler bitte m\u00f6glichst sofort beim Zusteller und nehmen Sie bitte unverz\u00fcglich Kontakt zu uns auf. Die Vers\u00e4umung einer Reklamation oder Kontaktaufnahme hat f\u00fcr Ihre gesetzlichen Anspr\u00fcche und deren Durchsetzung, insbesondere Ihre Gew\u00e4hrleistungsrechte, keinerlei Konsequenzen. Sie helfen uns aber, unsere eigenen Anspr\u00fcche gegen\u00fcber dem Frachtf\u00fchrer bzw. der Transportversicherung geltend machen zu k\u00f6nnen.<\/p><h2 id=\"gew\u00e4hrleistung_und_garantien\">9.\u00a0Gew\u00e4hrleistung und Garantien<\/h2><h3 id=\"m\u00e4ngelhaftungsrecht\">9.1\u00a0M\u00e4ngelhaftungsrecht<\/h3><p>Es gilt das gesetzliche M\u00e4ngelhaftungsrecht.<\/p><h3 id=\"garantien_und_kundendienst\">9.2\u00a0Garantien und Kundendienst<\/h3><p>Informationen zu gegebenenfalls geltenden zus\u00e4tzlichen Garantien und deren genaue Bedingungen finden Sie jeweils beim Produkt und auf besonderen Informationsseiten im Online-Shop.<\/p><h2 id=\"haftung\">10.\u00a0Haftung<\/h2><p>F\u00fcr Anspr\u00fcche aufgrund von Sch\u00e4den, die durch uns, unsere gesetzlichen Vertreter oder Erf\u00fcllungsgehilfen verursacht wurden, haften wir stets unbeschr\u00e4nkt<\/p><ul><li>bei Verletzung des Lebens, des K\u00f6rpers oder der Gesundheit,<\/li><li>bei vors\u00e4tzlicher oder grob fahrl\u00e4ssiger Pflichtverletzung,<\/li><li>bei Garantieversprechen, soweit vereinbart, oder<\/li><li>soweit der Anwendungsbereich des Produkthaftungsgesetzes er\u00f6ffnet ist.<\/li><\/ul><p>Bei Verletzung wesentlicher Vertragspflichten, deren Erf\u00fcllung die ordnungsgem\u00e4\u00dfe Durchf\u00fchrung des Vertrages \u00fcberhaupt erst erm\u00f6glicht und auf deren Einhaltung der Vertragspartner regelm\u00e4\u00dfig vertrauen darf, (Kardinalpflichten) durch leichte Fahrl\u00e4ssigkeit von uns, unseren gesetzlichen Vertretern oder Erf\u00fcllungsgehilfen ist die Haftung der H\u00f6he nach auf den bei Vertragsschluss vorhersehbaren Schaden begrenzt, mit dessen Entstehung typischerweise gerechnet werden muss.<br \/>Im \u00dcbrigen sind Anspr\u00fcche auf Schadensersatz ausgeschlossen.<\/p><h2 id=\"streitbeilegung\">11.\u00a0Streitbeilegung<\/h2><p>Zur Teilnahme an einem Streitbeilegungsverfahren vor einer Verbraucherschlichtungsstelle sind wir nicht verpflichtet und nicht bereit.<\/p><h2 id=\"jugendschutz\">12.\u00a0Jugendschutz<\/h2><p>Sofern Ihre Bestellung Produkte umfasst, deren Verkauf Altersbeschr\u00e4nkungen unterliegt, stellen wir durch den Einsatz eines zuverl\u00e4ssigen Verfahrens unter Einbeziehung einer pers\u00f6nlichen Identit\u00e4ts- und Alterspr\u00fcfung sicher, dass der Besteller das erforderliche Mindestalter erreicht hat. Der Zusteller \u00fcbergibt, soweit eine Lieferung erfolgt, die Ware erst nach erfolgter Alterspr\u00fcfung und nur an den Besteller pers\u00f6nlich.<\/p><p>Sollten einzelne Klauseln dieser AGB ganz oder teilweise unwirksam sein, so bleibt der Vertrag im \u00dcbrigen wirksam. Soweit einzelne Klauseln unwirksam sind, richtet sich der Inhalt des Vertrags nach den gesetzlichen Vorschriften.<\/p>\t\t\t\t\t\t\t\t<\/div>\n\t\t\t\t<\/div>\n\t\t\t\t<\/div>\n\t\t\t\t\t<\/div>\n\t\t\t\t<\/div>\n\t\t\t\t<\/div>","protected":false},"excerpt":{"rendered":"<p>Allgemeine Gesch\u00e4ftsbedingungen 1. Geltungsbereich2. Vertragspartner, Vertragsschluss, Korrekturm\u00f6glichkeiten3. Vertragssprache, Vertragstextspeicherung4. Vertragsgegenstand5. Lieferbedingungen6. Bezahlung7. Eigentumsvorbehalt8. Transportsch\u00e4den9. Gew\u00e4hrleistung und Garantien10. Haftung11. Streitbeilegung12. Jugendschutz \u00a0 1.\u00a0Geltungsbereich F\u00fcr alle Bestellungen \u00fcber unseren Online-Shop gelten die nachfolgenden AGB. Unser Online-Shop richtet sich ausschlie\u00dflich an Verbraucher. Verbraucher ist jede nat\u00fcrliche Person, die ein Rechtsgesch\u00e4ft zu Zwecken abschlie\u00dft, die \u00fcberwiegend weder ihrer gewerblichen [&hellip;]<\/p>\n","protected":false},"author":1,"featured_media":0,"parent":0,"menu_order":0,"comment_status":"closed","ping_status":"closed","template":"","meta":{"slim_seo":{"title":"AGB - Ekena","description":"Allgemeine Gesch\u00e4ftsbedingungen 1. Geltungsbereich 2. Vertragspartner, Vertragsschluss, Korrekturm\u00f6glichkeiten 3. Vertragssprache, Vertragstextspeicherung 4. Ve"},"footnotes":""},"class_list":["post-11053","page","type-page","status-publish","hentry"],"_links":{"self":[{"href":"https:\/\/ekena.de\/sq\/wp-json\/wp\/v2\/pages\/11053","targetHints":{"allow":["GET"]}}],"collection":[{"href":"https:\/\/ekena.de\/sq\/wp-json\/wp\/v2\/pages"}],"about":[{"href":"https:\/\/ekena.de\/sq\/wp-json\/wp\/v2\/types\/page"}],"author":[{"embeddable":true,"href":"https:\/\/ekena.de\/sq\/wp-json\/wp\/v2\/users\/1"}],"replies":[{"embeddable":true,"href":"https:\/\/ekena.de\/sq\/wp-json\/wp\/v2\/comments?post=11053"}],"version-history":[{"count":100,"href":"https:\/\/ekena.de\/sq\/wp-json\/wp\/v2\/pages\/11053\/revisions"}],"predecessor-version":[{"id":97467,"href":"https:\/\/ekena.de\/sq\/wp-json\/wp\/v2\/pages\/11053\/revisions\/97467"}],"wp:attachment":[{"href":"https:\/\/ekena.de\/sq\/wp-json\/wp\/v2\/media?parent=11053"}],"curies":[{"name":"wp","href":"https:\/\/api.w.org\/{rel}","templated":true}]}}