{"id":10687,"date":"2021-12-13T10:49:22","date_gmt":"2021-12-13T10:49:22","guid":{"rendered":"https:\/\/www.mesh-web.dev\/ekenade\/?post_type=product&#038;p=10687"},"modified":"2026-03-03T17:17:41","modified_gmt":"2026-03-03T17:17:41","slug":"aromatisierte-kartoffelchips-grill-chips-vipa-140gr","status":"publish","type":"product","link":"https:\/\/ekena.de\/sq\/produkt\/patate-te-skuqura-me-arome-grill-chips-vipa-140gr\/","title":{"rendered":"Patate t\u00eb skuqura me arom\u00eb, Grill Chips, Vipa - 140gr"},"content":{"rendered":"<p>N\u00e4hrwert in 25g \u2013 25g | % * (25g)<\/p>\n<p>Energiewert \/ KJ \u2013 637 | 8<\/p>\n<p>Energiewert \/ kcal \u2013 152 | 8<\/p>\n<p>Fett \u2013 8,80 | 13<\/p>\n<p>Von diesen ges\u00e4ttigten Fetts\u00e4uren \u2013 3,80 | 19<\/p>\n<p>Kohlenhydrate \u2013 14,55 | 5<\/p>\n<p>Von diesen Zuckern \u2013 0,22 | 0<\/p>\n<p>Faser \u2013 0,58 | 6<\/p>\n<p>Protein \u2013 2,65 | 5<\/p>\n<p>Salz \u2013 0,25 | 4<\/p>\n<p>Sasia e referuar p\u00ebr konsumim nga nj\u00eb i rritur mesatar (8400 kJ\/ 2000 kcal)<\/p>","protected":false},"excerpt":{"rendered":"<p>N\u00e4hrwert in 25g \u2013 25g | % * (25g) Energiewert \/ KJ \u2013 637 | 8 Energiewert \/ kcal \u2013 152 | 8 Fett \u2013 8,80 | 13 Von diesen ges\u00e4ttigten Fetts\u00e4uren \u2013 3,80 | 19 Kohlenhydrate \u2013 14,55 | 5 Von diesen Zuckern \u2013 0,22 | 0 Faser \u2013 0,58 | 6 Protein \u2013 [&hellip;]<\/p>\n","protected":false},"featured_media":96123,"template":"","meta":{"slim_seo":{"title":"Patate t\u00eb skuqura me arom\u00eb, Grill Chips, Vipa - 140gr - Ekena","description":"N\u00e4hrwert in 25g \u2013 25g | % * (25g) Energiewert \/ KJ \u2013 637 | 8 Energiewert \/ kcal \u2013 152 | 8 Fett \u2013 8,80 | 13 Von diesen ges\u00e4ttigten Fetts\u00e4uren \u2013 3,80 | 19 Kohlenh"}},"product_brand":[],"product_cat":[494,521],"product_tag":[],"class_list":{"0":"post-10687","1":"product","2":"type-product","3":"status-publish","4":"has-post-thumbnail","6":"product_cat-chipsa","7":"product_cat-pestova","9":"first","10":"instock","11":"sale","12":"taxable","13":"shipping-taxable","14":"purchasable","15":"product-type-simple"},"_links":{"self":[{"href":"https:\/\/ekena.de\/sq\/wp-json\/wp\/v2\/product\/10687","targetHints":{"allow":["GET"]}}],"collection":[{"href":"https:\/\/ekena.de\/sq\/wp-json\/wp\/v2\/product"}],"about":[{"href":"https:\/\/ekena.de\/sq\/wp-json\/wp\/v2\/types\/product"}],"version-history":[{"count":1,"href":"https:\/\/ekena.de\/sq\/wp-json\/wp\/v2\/product\/10687\/revisions"}],"predecessor-version":[{"id":96327,"href":"https:\/\/ekena.de\/sq\/wp-json\/wp\/v2\/product\/10687\/revisions\/96327"}],"wp:featuredmedia":[{"embeddable":true,"href":"https:\/\/ekena.de\/sq\/wp-json\/wp\/v2\/media\/96123"}],"wp:attachment":[{"href":"https:\/\/ekena.de\/sq\/wp-json\/wp\/v2\/media?parent=10687"}],"wp:term":[{"taxonomy":"product_brand","embeddable":true,"href":"https:\/\/ekena.de\/sq\/wp-json\/wp\/v2\/product_brand?post=10687"},{"taxonomy":"product_cat","embeddable":true,"href":"https:\/\/ekena.de\/sq\/wp-json\/wp\/v2\/product_cat?post=10687"},{"taxonomy":"product_tag","embeddable":true,"href":"https:\/\/ekena.de\/sq\/wp-json\/wp\/v2\/product_tag?post=10687"}],"curies":[{"name":"wp","href":"https:\/\/api.w.org\/{rel}","templated":true}]}}