{"id":10746,"date":"2021-12-13T14:36:48","date_gmt":"2021-12-13T14:36:48","guid":{"rendered":"https:\/\/www.mesh-web.dev\/ekenade\/?post_type=product&#038;p=10746"},"modified":"2026-03-29T09:36:27","modified_gmt":"2026-03-29T09:36:27","slug":"kirsche-saft-frutti-1l","status":"publish","type":"product","link":"https:\/\/ekena.de\/sq\/produkt\/leng-vishnje-frutti-1l\/","title":{"rendered":"L\u00ebng Vishnje, Frutti \u2013 1L"},"content":{"rendered":"<p>Zutaten: Kirschsaft 20%,Wasser, Zucker, Zitronens\u00e4ure ,Ascorbins\u00e4ure, nat\u00fcrliches Aroma.<\/p>\n<p>N\u00e4hrwert pro 100 ml:<br \/>\nEnergie 218 kj\/51 kcal<br \/>\nFett 0,0g<br \/>\nKohlenhydrate 11,2 g<br \/>\ndavon Zucker 10,2 g<br \/>\nProtein 0,3 g<br \/>\nSalz 4,0 mg<\/p>","protected":false},"excerpt":{"rendered":"<p>Zutaten: Kirschsaft 20%,Wasser, Zucker, Zitronens\u00e4ure ,Ascorbins\u00e4ure, nat\u00fcrliches Aroma. N\u00e4hrwert pro 100 ml: Energie 218 kj\/51 kcal Fett 0,0g Kohlenhydrate 11,2 g davon Zucker 10,2 g Protein 0,3 g Salz 4,0 mg<\/p>","protected":false},"featured_media":96124,"template":"","meta":{"slim_seo":{"title":"L\u00ebng Vishnje, Frutti \u2013 1L - Ekena","description":"Zutaten: Kirschsaft 20%,Wasser, Zucker, Zitronens\u00e4ure ,Ascorbins\u00e4ure, nat\u00fcrliches Aroma. N\u00e4hrwert pro 100 ml: Energie 218 kj\/51 kcal Fett 0,0g Kohlenhydrate 11,"}},"product_brand":[],"product_cat":[534,550],"product_tag":[],"class_list":{"0":"post-10746","1":"product","2":"type-product","3":"status-publish","4":"has-post-thumbnail","6":"product_cat-fruchtsaefte","7":"product_cat-frutti","9":"first","10":"instock","11":"sale","12":"taxable","13":"shipping-taxable","14":"purchasable","15":"product-type-simple"},"_links":{"self":[{"href":"https:\/\/ekena.de\/sq\/wp-json\/wp\/v2\/product\/10746","targetHints":{"allow":["GET"]}}],"collection":[{"href":"https:\/\/ekena.de\/sq\/wp-json\/wp\/v2\/product"}],"about":[{"href":"https:\/\/ekena.de\/sq\/wp-json\/wp\/v2\/types\/product"}],"version-history":[{"count":2,"href":"https:\/\/ekena.de\/sq\/wp-json\/wp\/v2\/product\/10746\/revisions"}],"predecessor-version":[{"id":96451,"href":"https:\/\/ekena.de\/sq\/wp-json\/wp\/v2\/product\/10746\/revisions\/96451"}],"wp:featuredmedia":[{"embeddable":true,"href":"https:\/\/ekena.de\/sq\/wp-json\/wp\/v2\/media\/96124"}],"wp:attachment":[{"href":"https:\/\/ekena.de\/sq\/wp-json\/wp\/v2\/media?parent=10746"}],"wp:term":[{"taxonomy":"product_brand","embeddable":true,"href":"https:\/\/ekena.de\/sq\/wp-json\/wp\/v2\/product_brand?post=10746"},{"taxonomy":"product_cat","embeddable":true,"href":"https:\/\/ekena.de\/sq\/wp-json\/wp\/v2\/product_cat?post=10746"},{"taxonomy":"product_tag","embeddable":true,"href":"https:\/\/ekena.de\/sq\/wp-json\/wp\/v2\/product_tag?post=10746"}],"curies":[{"name":"wp","href":"https:\/\/api.w.org\/{rel}","templated":true}]}}