{"id":10754,"date":"2021-12-13T14:52:28","date_gmt":"2021-12-13T14:52:28","guid":{"rendered":"https:\/\/www.mesh-web.dev\/ekenade\/?post_type=product&#038;p=10754"},"modified":"2026-03-22T03:38:35","modified_gmt":"2026-03-22T03:38:35","slug":"pfirsichsaft-frutti-1l","status":"publish","type":"product","link":"https:\/\/ekena.de\/sq\/produkt\/pfirsichsaft-frutti-1l\/","title":{"rendered":"L\u00ebng Pjeshke, Frutti - 1L"},"content":{"rendered":"<p class=\"translation-block\">P\u00ebrb\u00ebr\u00ebsit: pure pjeshke 35%, salc\u00eb molle 20%, uj\u00eb, sheqer,<br>\nAcid citrik, Arom\u00eb Natyrore, Natyrale. Arom\u00eb, stabilizues, vitamin\u00eb C.<\/p>\n<p>N\u00e4hrwert pro 100 ml:<br \/>\nEnergie 216 kj\/50 kcal<br \/>\nFett 0,01g<br \/>\nKohlenhydrate 12,0 g<br \/>\ndavon Zucker 8,4 g<br \/>\nProtein 0,3 g<br \/>\nSalz 2,0 mg<br \/>\nBallaststoffe 0,7 q<\/p>","protected":false},"excerpt":{"rendered":"<p>Zutaten: Pfirsichp\u00fcree 35%, Apfelmus 20%, Wasser, Zucker, Zitronens\u00e4ure, nat\u00fcrliches Aroma, nat\u00fcrlich. Geschmack, Stabilisator, Vitamin C. N\u00e4hrwert pro 100 ml: Energie 216 kj\/50 kcal Fett 0,01g Kohlenhydrate 12,0 g davon Zucker 8,4 g Protein 0,3 g Salz 2,0 mg Ballaststoffe 0,7 q<\/p>","protected":false},"featured_media":96125,"template":"","meta":{"slim_seo":{"title":"L\u00ebng Pjeshke, Minex - 1L - Ekena","description":"Zutaten: Pfirsichp\u00fcree 35%, Apfelmus 20%, Wasser, Zucker, Zitronens\u00e4ure, nat\u00fcrliches Aroma, nat\u00fcrlich. Geschmack, Stabilisator, Vitamin C. N\u00e4hrwert pro 100 ml:"}},"product_brand":[],"product_cat":[534,550],"product_tag":[],"class_list":{"0":"post-10754","1":"product","2":"type-product","3":"status-publish","4":"has-post-thumbnail","6":"product_cat-fruchtsaefte","7":"product_cat-frutti","9":"first","10":"instock","11":"sale","12":"taxable","13":"shipping-taxable","14":"purchasable","15":"product-type-simple"},"_links":{"self":[{"href":"https:\/\/ekena.de\/sq\/wp-json\/wp\/v2\/product\/10754","targetHints":{"allow":["GET"]}}],"collection":[{"href":"https:\/\/ekena.de\/sq\/wp-json\/wp\/v2\/product"}],"about":[{"href":"https:\/\/ekena.de\/sq\/wp-json\/wp\/v2\/types\/product"}],"version-history":[{"count":3,"href":"https:\/\/ekena.de\/sq\/wp-json\/wp\/v2\/product\/10754\/revisions"}],"predecessor-version":[{"id":96450,"href":"https:\/\/ekena.de\/sq\/wp-json\/wp\/v2\/product\/10754\/revisions\/96450"}],"wp:featuredmedia":[{"embeddable":true,"href":"https:\/\/ekena.de\/sq\/wp-json\/wp\/v2\/media\/96125"}],"wp:attachment":[{"href":"https:\/\/ekena.de\/sq\/wp-json\/wp\/v2\/media?parent=10754"}],"wp:term":[{"taxonomy":"product_brand","embeddable":true,"href":"https:\/\/ekena.de\/sq\/wp-json\/wp\/v2\/product_brand?post=10754"},{"taxonomy":"product_cat","embeddable":true,"href":"https:\/\/ekena.de\/sq\/wp-json\/wp\/v2\/product_cat?post=10754"},{"taxonomy":"product_tag","embeddable":true,"href":"https:\/\/ekena.de\/sq\/wp-json\/wp\/v2\/product_tag?post=10754"}],"curies":[{"name":"wp","href":"https:\/\/api.w.org\/{rel}","templated":true}]}}