{"id":10956,"date":"2021-11-29T09:03:00","date_gmt":"2021-11-29T09:03:00","guid":{"rendered":"https:\/\/www.mesh-web.dev\/ekenade\/?post_type=product&#038;p=10956"},"modified":"2026-03-13T17:08:57","modified_gmt":"2026-03-13T17:08:57","slug":"kochsahne-halta-cucina-1000ml","status":"publish","type":"product","link":"https:\/\/ekena.de\/sq\/produkt\/krem-gatimi-halta-cucina-1000ml\/","title":{"rendered":"Krem gatimi, Halta Cucina - 1000ml"},"content":{"rendered":"<p>Krem i but\u00eb, e b\u00ebn \u00e7do pjat\u00eb t\u00eb ve\u00e7ant\u00eb! Ideale p\u00ebr makarona, salca, pica, produkte furre. Pa yndyrna t\u00eb hidrogjenizuara.<\/p>\n<p>P\u00ebrb\u00ebr\u00ebsit: uj\u00eb, vaj vegjetal palme, dhall\u00eb dhe qum\u00ebsht pluhur i skremuar, maltodekstrin\u00eb, emulsifikues (E472e, lecitin\u00eb soje, E471), trash\u00ebs (E412, E410), stabilizues (E339ii).<\/p>","protected":false},"excerpt":{"rendered":"<h1 class=\"product_title wd-entities-title\"><a href=\"https:\/\/freshwelt.de\/produkt\/halta-cucina\/\">Halta Cucina<\/a><\/h1>\n<div class=\"woocommerce-product-details__short-description\">\n<p><strong>H-KOCHCREME AUF PFLANZLICHER BASIS<\/strong><\/p>\n<p>Ohne geh\u00e4rtete Fette und modifizierte St\u00e4rke, delikat und cremig.<\/p>\n<p>Leicht verdaulich, cremig und wohlschmeckend.<\/p>\n<p>Die perfekte Zutat f\u00fcr schmackhafte Gerichte.<\/p>\n<\/div>","protected":false},"featured_media":96128,"template":"","meta":{"slim_seo":{"title":"Halta Sahne 1000ml \u2013 Ekena","description":"Halta Sahne 1000ml \u2013 die perfekte Wahl f\u00fcr cremige Gerichte und Saucen. Jetzt online bei Ekena bestellen und vielseitig genie\u00dfen!"}},"product_brand":[],"product_cat":[487,523,541],"product_tag":[576,621],"class_list":{"0":"post-10956","1":"product","2":"type-product","3":"status-publish","4":"has-post-thumbnail","6":"product_cat-backen","7":"product_cat-saucen","8":"product_cat-vorratsschrank","9":"product_tag-halta-zbritje","10":"product_tag-halta-sahne","12":"first","13":"instock","14":"sale","15":"taxable","16":"shipping-taxable","17":"purchasable","18":"product-type-simple"},"_links":{"self":[{"href":"https:\/\/ekena.de\/sq\/wp-json\/wp\/v2\/product\/10956","targetHints":{"allow":["GET"]}}],"collection":[{"href":"https:\/\/ekena.de\/sq\/wp-json\/wp\/v2\/product"}],"about":[{"href":"https:\/\/ekena.de\/sq\/wp-json\/wp\/v2\/types\/product"}],"version-history":[{"count":1,"href":"https:\/\/ekena.de\/sq\/wp-json\/wp\/v2\/product\/10956\/revisions"}],"predecessor-version":[{"id":95968,"href":"https:\/\/ekena.de\/sq\/wp-json\/wp\/v2\/product\/10956\/revisions\/95968"}],"wp:featuredmedia":[{"embeddable":true,"href":"https:\/\/ekena.de\/sq\/wp-json\/wp\/v2\/media\/96128"}],"wp:attachment":[{"href":"https:\/\/ekena.de\/sq\/wp-json\/wp\/v2\/media?parent=10956"}],"wp:term":[{"taxonomy":"product_brand","embeddable":true,"href":"https:\/\/ekena.de\/sq\/wp-json\/wp\/v2\/product_brand?post=10956"},{"taxonomy":"product_cat","embeddable":true,"href":"https:\/\/ekena.de\/sq\/wp-json\/wp\/v2\/product_cat?post=10956"},{"taxonomy":"product_tag","embeddable":true,"href":"https:\/\/ekena.de\/sq\/wp-json\/wp\/v2\/product_tag?post=10956"}],"curies":[{"name":"wp","href":"https:\/\/api.w.org\/{rel}","templated":true}]}}