{"id":3591,"date":"2021-04-08T12:34:23","date_gmt":"2021-04-08T12:34:23","guid":{"rendered":"http:\/\/ekena.ch\/product\/chips-mit-ketchup-geschmack-140gr\/"},"modified":"2026-03-29T09:36:27","modified_gmt":"2026-03-29T09:36:27","slug":"chips-mit-ketchup-geschmack-140gr","status":"publish","type":"product","link":"https:\/\/ekena.de\/sq\/produkt\/vipa-chips-kecap-140gr\/","title":{"rendered":"Chips me Ke\u00e7ap, Vipa \u2013 140gr"},"content":{"rendered":"<p><em>Kartoffelchips aus dem Kosovo; ein echter Genuss<\/em><\/p>","protected":false},"excerpt":{"rendered":"<p><strong>P\u00ebrb\u00ebr\u00ebsit:<\/strong><\/p>\n<p>Kartoffel, Pflanzen\u00f6l, Zucker, Salz, Tomaten, Zitronens\u00e4ure, Siliziumdioxid, Dinatrium Guanylat, Dinatrium Inosinate. Unter Schutzatmosph\u00e4re verpackt.<\/p>\n<p><b>\u00a0<\/b><b>Gewicht: 140g<\/b><\/p>\n<div id=\"tab-description\" class=\"woocommerce-Tabs-panel woocommerce-Tabs-panel--description panel entry-content wc-tab\" role=\"tabpanel\" aria-labelledby=\"tab-title-description\">\n<p><strong>N\u00e4hrwertangaben:<\/strong><\/p>\n<p>N\u00e4hrwerte pro 100 g:<br \/>\nEnergie 2546 kJ \/ 608 kcal<br \/>\nFett: 35,2 g<br \/>\ndavon ges\u00e4ttigte Fetts\u00e4uren: 15,1 g<br \/>\nKohlenhydrate: 58,2 g<br \/>\ndavon Zucker; 0,9 g<br \/>\nEiwei\u00df: 10,2 g<br \/>\nSalz: 1,0 g<\/p>\n<\/div>","protected":false},"featured_media":96094,"template":"","meta":{"slim_seo":{"title":"Chips me Ke\u00e7ap, Vipa - 140gr - Ekena","description":"Zutaten: Kartoffel, Pflanzen\u00f6l, Zucker, Salz, Tomaten, Zitronens\u00e4ure, Siliziumdioxid, Dinatrium Guanylat, Dinatrium Inosinate. Unter Schutzatmosph\u00e4re verpackt."}},"product_brand":[],"product_cat":[494,521],"product_tag":[],"class_list":{"0":"post-3591","1":"product","2":"type-product","3":"status-publish","4":"has-post-thumbnail","6":"product_cat-chipsa","7":"product_cat-pestova","9":"first","10":"instock","11":"taxable","12":"shipping-taxable","13":"purchasable","14":"product-type-simple"},"_links":{"self":[{"href":"https:\/\/ekena.de\/sq\/wp-json\/wp\/v2\/product\/3591","targetHints":{"allow":["GET"]}}],"collection":[{"href":"https:\/\/ekena.de\/sq\/wp-json\/wp\/v2\/product"}],"about":[{"href":"https:\/\/ekena.de\/sq\/wp-json\/wp\/v2\/types\/product"}],"version-history":[{"count":4,"href":"https:\/\/ekena.de\/sq\/wp-json\/wp\/v2\/product\/3591\/revisions"}],"predecessor-version":[{"id":96263,"href":"https:\/\/ekena.de\/sq\/wp-json\/wp\/v2\/product\/3591\/revisions\/96263"}],"wp:featuredmedia":[{"embeddable":true,"href":"https:\/\/ekena.de\/sq\/wp-json\/wp\/v2\/media\/96094"}],"wp:attachment":[{"href":"https:\/\/ekena.de\/sq\/wp-json\/wp\/v2\/media?parent=3591"}],"wp:term":[{"taxonomy":"product_brand","embeddable":true,"href":"https:\/\/ekena.de\/sq\/wp-json\/wp\/v2\/product_brand?post=3591"},{"taxonomy":"product_cat","embeddable":true,"href":"https:\/\/ekena.de\/sq\/wp-json\/wp\/v2\/product_cat?post=3591"},{"taxonomy":"product_tag","embeddable":true,"href":"https:\/\/ekena.de\/sq\/wp-json\/wp\/v2\/product_tag?post=3591"}],"curies":[{"name":"wp","href":"https:\/\/api.w.org\/{rel}","templated":true}]}}