{"id":3595,"date":"2021-04-08T12:45:01","date_gmt":"2021-04-08T12:45:01","guid":{"rendered":"http:\/\/ekena.ch\/product\/kartoffeln-mit-sauerrahm-und-zwiebeln-140gr\/"},"modified":"2026-03-29T09:36:27","modified_gmt":"2026-03-29T09:36:27","slug":"kartoffeln-mit-sauerrahm-und-zwiebeln-140gr","status":"publish","type":"product","link":"https:\/\/ekena.de\/sq\/produkt\/vipa-chips-spec-i-embel-140gr\/","title":{"rendered":"Chips me Speca t\u00eb \u00cbmb\u00ebl, Vipa \u2013 140gr"},"content":{"rendered":"<p><em>Kartoffelchips gew\u00fcrzt mit Chilli aus dem Kosovo; ein echter Genuss.<\/em><\/p>\n<p>&nbsp;<\/p>","protected":false},"excerpt":{"rendered":"<p><strong>\u00a0<\/strong><strong>P\u00ebrb\u00ebr\u00ebsit:<\/strong><\/p>\n<p>Kartoffel, Pflanzen\u00f6l, Gew\u00fcrze, Salz, Geschmacksverst\u00e4rker, Dextrose, Laktose (Milch), Hefeextrakt, Zwiebeln, Lebensmittelfarbe, Lebensmittels\u00e4ure, Raps\u00f6l und Paprikaextrakt.\u00a0 Enth\u00e4lt keine Konservierungsstoffe.<\/p>\n<p><b>\u00a0<\/b><\/p>\n<p><b>Gewicht:<\/b><\/p>\n<p>Nettogewicht 140 g<\/p>\n<p>&nbsp;<\/p>\n<p><strong>N\u00e4hrwertangaben:<\/strong><\/p>\n<p>N\u00e4hrwerte pro 100 g:<br \/>\nEnergie:\u00a0 2463,4 kJ\/ 588,7\u00a0 kcal<br \/>\nFett: 33,2 g<br \/>\ndavon ges\u00e4ttigte Fetts\u00e4uren: 15,3 g<br \/>\nKohlenhydrate: 56,8 g<br \/>\ndavon Zucker; 0,9 g<br \/>\nEiwei\u00df: 11,5 g<br \/>\nSalz: 1,3 g<\/p>\n<p><b>Hinweis:<\/b><\/p>\n<p>F\u00fcr die vorstehenden Angaben wird keine Haftung \u00fcbernommen. Bitte pr\u00fcfen Sie im Einzelfall die Angaben auf der jeweiligen Produktverpackung, nur diese sind verbindlich.<\/p>","protected":false},"featured_media":96095,"template":"","meta":{"slim_seo":{"title":"Chips me Speca t\u00eb \u00cbmb\u00ebl, Vipa - 140gr - Ekena","description":"\u00a0 Zutaten: Kartoffel, Pflanzen\u00f6l, Gew\u00fcrze, Salz, Geschmacksverst\u00e4rker, Dextrose, Laktose (Milch), Hefeextrakt, Zwiebeln, Lebensmittelfarbe, Lebensmittels\u00e4ure, R"}},"product_brand":[],"product_cat":[494,521],"product_tag":[],"class_list":{"0":"post-3595","1":"product","2":"type-product","3":"status-publish","4":"has-post-thumbnail","6":"product_cat-chipsa","7":"product_cat-pestova","9":"first","10":"instock","11":"sale","12":"taxable","13":"shipping-taxable","14":"purchasable","15":"product-type-simple"},"_links":{"self":[{"href":"https:\/\/ekena.de\/sq\/wp-json\/wp\/v2\/product\/3595","targetHints":{"allow":["GET"]}}],"collection":[{"href":"https:\/\/ekena.de\/sq\/wp-json\/wp\/v2\/product"}],"about":[{"href":"https:\/\/ekena.de\/sq\/wp-json\/wp\/v2\/types\/product"}],"version-history":[{"count":2,"href":"https:\/\/ekena.de\/sq\/wp-json\/wp\/v2\/product\/3595\/revisions"}],"predecessor-version":[{"id":96260,"href":"https:\/\/ekena.de\/sq\/wp-json\/wp\/v2\/product\/3595\/revisions\/96260"}],"wp:featuredmedia":[{"embeddable":true,"href":"https:\/\/ekena.de\/sq\/wp-json\/wp\/v2\/media\/96095"}],"wp:attachment":[{"href":"https:\/\/ekena.de\/sq\/wp-json\/wp\/v2\/media?parent=3595"}],"wp:term":[{"taxonomy":"product_brand","embeddable":true,"href":"https:\/\/ekena.de\/sq\/wp-json\/wp\/v2\/product_brand?post=3595"},{"taxonomy":"product_cat","embeddable":true,"href":"https:\/\/ekena.de\/sq\/wp-json\/wp\/v2\/product_cat?post=3595"},{"taxonomy":"product_tag","embeddable":true,"href":"https:\/\/ekena.de\/sq\/wp-json\/wp\/v2\/product_tag?post=3595"}],"curies":[{"name":"wp","href":"https:\/\/api.w.org\/{rel}","templated":true}]}}