{"id":4146,"date":"2021-04-13T12:07:08","date_gmt":"2021-04-13T12:07:08","guid":{"rendered":"http:\/\/ekena.ch\/?post_type=product&#038;p=4146"},"modified":"2026-03-17T12:32:13","modified_gmt":"2026-03-17T12:32:13","slug":"hausgemachter-suesser-ajvar-eurofood-550gr","status":"publish","type":"product","link":"https:\/\/ekena.de\/sq\/produkt\/ajvar-shtepie-embel-eurofood-550gr\/","title":{"rendered":"Ajvar Shtepie \u00cbmb\u00ebl, Eurofood \u2013 550gr - Ekena"},"content":{"rendered":"<p>P\u00ebrmbajtja:<br \/>\nSpec i pjekur(95%), vaj luledielli, krip\u00eb, sheqer, acid acetik, arom\u00eb natyrore \u2013 spec djeg\u00ebs. I pasterizuar. Nuk p\u00ebrmban konzervues. T\u00eb mbahet n\u00eb vend t\u00eb that\u00eb dhe t\u00eb err\u00ebt. Pas hapjes duhet t\u00eb mbahet n\u00eb frigorifer dhe t\u00eb p\u00ebrdoret brenda 5 dit\u00ebve. Prodhuar n\u00eb Kosov\u00eb.<\/p>","protected":false},"excerpt":{"rendered":"<p>Inhalt: Gebratene Paprika (95%), Sonnenblumen\u00f6l, Salz, Zucker, Essigs\u00e4ure, nat\u00fcrlicher Geschmack \u2013 scharfe Paprika. Pasteurisiert. Keine Konservierungsstoffe. An einem trockenen und dunklen Ort aufbewahren. Nach dem \u00d6ffnen sollte es im K\u00fchlschrank aufbewahrt und innerhalb von 5 Tagen konsumiert werden. Hergestellt im Kosovo.<\/p>","protected":false},"featured_media":96097,"template":"","meta":{"slim_seo":{"title":"Ajvar Shtepie \u00cbmb\u00ebl, Eurofood \u2013 550gr - Ekena","description":"Inhalt: Gebratene Paprika (95%), Sonnenblumen\u00f6l, Salz, Zucker, Essigs\u00e4ure, nat\u00fcrlicher Geschmack \u2013 scharfe Paprika. Pasteurisiert. Keine Konservierungsstoffe. A"}},"product_brand":[],"product_cat":[480,510,472],"product_tag":[],"class_list":{"0":"post-4146","1":"product","2":"type-product","3":"status-publish","4":"has-post-thumbnail","6":"product_cat-ajvar","7":"product_cat-eurofood","8":"product_cat-lebensmittelgeschaeft","10":"first","11":"instock","12":"taxable","13":"shipping-taxable","14":"purchasable","15":"product-type-simple"},"_links":{"self":[{"href":"https:\/\/ekena.de\/sq\/wp-json\/wp\/v2\/product\/4146","targetHints":{"allow":["GET"]}}],"collection":[{"href":"https:\/\/ekena.de\/sq\/wp-json\/wp\/v2\/product"}],"about":[{"href":"https:\/\/ekena.de\/sq\/wp-json\/wp\/v2\/types\/product"}],"version-history":[{"count":1,"href":"https:\/\/ekena.de\/sq\/wp-json\/wp\/v2\/product\/4146\/revisions"}],"predecessor-version":[{"id":96246,"href":"https:\/\/ekena.de\/sq\/wp-json\/wp\/v2\/product\/4146\/revisions\/96246"}],"wp:featuredmedia":[{"embeddable":true,"href":"https:\/\/ekena.de\/sq\/wp-json\/wp\/v2\/media\/96097"}],"wp:attachment":[{"href":"https:\/\/ekena.de\/sq\/wp-json\/wp\/v2\/media?parent=4146"}],"wp:term":[{"taxonomy":"product_brand","embeddable":true,"href":"https:\/\/ekena.de\/sq\/wp-json\/wp\/v2\/product_brand?post=4146"},{"taxonomy":"product_cat","embeddable":true,"href":"https:\/\/ekena.de\/sq\/wp-json\/wp\/v2\/product_cat?post=4146"},{"taxonomy":"product_tag","embeddable":true,"href":"https:\/\/ekena.de\/sq\/wp-json\/wp\/v2\/product_tag?post=4146"}],"curies":[{"name":"wp","href":"https:\/\/api.w.org\/{rel}","templated":true}]}}