{"id":5778,"date":"2021-05-24T12:28:17","date_gmt":"2021-05-24T12:28:17","guid":{"rendered":"http:\/\/ekena.ch\/product\/golden-eagle\/"},"modified":"2026-03-25T18:58:12","modified_gmt":"2026-03-25T18:58:12","slug":"golden-eagle","status":"publish","type":"product","link":"https:\/\/ekena.de\/sq\/produkt\/golden-eagle\/","title":{"rendered":"!!!MEGA ANGEBOT!!! Golden Eagle &#8211; 24 x 250ml (zzgl. Pfand)"},"content":{"rendered":"<p>Pije energjike n\u00eb nj\u00eb klas\u00eb t\u00eb vet\u00ebn<br \/>\nShije intensive dhe e k\u00ebndshme<br \/>\nProdhuar n\u00eb Kosov\u00eb<\/p>\n<p>&nbsp;<\/p>\n<table class=\"ecwid-description-table\">\n<colgroup>\n<col \/>\n<col \/>\n<col \/> <\/colgroup>\n<tbody>\n<tr>\n<td colspan=\"2\"><span style=\"color: #000000;\">Vlerat ushqyese p\u00ebr 100 ml<\/span><\/td>\n<td>* NRV p\u00ebr 100 ml<\/td>\n<\/tr>\n<tr>\n<td>Vlera kalorike<\/td>\n<td>202 kJ<\/td>\n<td><\/td>\n<\/tr>\n<tr>\n<td>Yndyr\u00eb<\/td>\n<td>&lt;0,5 g<\/td>\n<td><\/td>\n<\/tr>\n<tr>\n<td>acide yndyrore t\u00eb ngopura<\/td>\n<td>&lt;0,1 g<\/td>\n<td><\/td>\n<\/tr>\n<tr>\n<td>karbohidratet<\/td>\n<td>11 g<\/td>\n<td><\/td>\n<\/tr>\n<tr>\n<td>nga t\u00eb cilat sheqerna<\/td>\n<td>11g<\/td>\n<td><\/td>\n<\/tr>\n<tr>\n<td>proteina<\/td>\n<td>&lt;0,5 g<\/td>\n<td><\/td>\n<\/tr>\n<tr>\n<td>Krip\u00eb<\/td>\n<td>&lt;0,01 g<\/td>\n<td><\/td>\n<\/tr>\n<tr>\n<td>Vitamin<\/td>\n<td><\/td>\n<td><\/td>\n<\/tr>\n<tr>\n<td>Niacin<\/td>\n<td>8,0 mg<\/td>\n<td>50%<\/td>\n<\/tr>\n<tr>\n<td>Acidi pantotenik<\/td>\n<td>2,0 mg<\/td>\n<td>33%<\/td>\n<\/tr>\n<tr>\n<td>Vitamin B6<\/td>\n<td>2,0 mg<\/td>\n<td>143%<\/td>\n<\/tr>\n<tr>\n<td>Vitamin B12<\/td>\n<td>2,0 mg<\/td>\n<td>80%<\/td>\n<\/tr>\n<tr>\n<td colspan=\"3\">* NRV:% e sasis\u00eb s\u00eb referenc\u00ebs sipas BE VO 1169\/2011 LMIV<\/td>\n<\/tr>\n<\/tbody>\n<\/table>\n<p>&nbsp;<\/p>\n<p><strong>Sollte nicht von Koffeinempfindlichen Personen, Diabetikern, Schwangeren und Kindern konsumiert werden.<\/strong><\/p>","protected":false},"excerpt":{"rendered":"<p>Energy Drink der Extraklasse Geschmacksintensiv und erfrischend Hergestellt im Kosovo &nbsp; N\u00e4hrwerte pro 100 ml *NRV pro 100 ml Brennwert 202 kJ Fett &lt;0,5 g davon ges\u00e4ttigte Fetts\u00e4uren &lt;0,1 g Kohlenhydrate 11 g davon Zucker 11g Eiwei\u00df &lt;0,5 g Salz &lt;0,01 g Vitamin Niacin 8,0 mg 50% Pantothens\u00e4ure 2,0 mg 33% Vitamin B6 2,0 mg [&hellip;]<\/p>\n","protected":false},"featured_media":96206,"template":"","meta":{"slim_seo":{"title":"!!!MEGA ANGEBOT!!! Golden Eagle - 24 x 250ml (zzgl. Pfand) - Ekena","description":"Energy Drink der Extraklasse Geschmacksintensiv und erfrischend Hergestellt im Kosovo &nbsp; N\u00e4hrwerte pro 100 ml *NRV pro 100 ml Brennwert 202 kJ Fett &lt;0,5"}},"product_brand":[],"product_cat":[535,515],"product_tag":[],"class_list":{"0":"post-5778","1":"product","2":"type-product","3":"status-publish","4":"has-post-thumbnail","6":"product_cat-cola-limonaden-energy","7":"product_cat-market","9":"first","10":"instock","11":"sale","12":"taxable","13":"shipping-taxable","14":"purchasable","15":"product-type-simple"},"_links":{"self":[{"href":"https:\/\/ekena.de\/sq\/wp-json\/wp\/v2\/product\/5778","targetHints":{"allow":["GET"]}}],"collection":[{"href":"https:\/\/ekena.de\/sq\/wp-json\/wp\/v2\/product"}],"about":[{"href":"https:\/\/ekena.de\/sq\/wp-json\/wp\/v2\/types\/product"}],"version-history":[{"count":10,"href":"https:\/\/ekena.de\/sq\/wp-json\/wp\/v2\/product\/5778\/revisions"}],"predecessor-version":[{"id":96723,"href":"https:\/\/ekena.de\/sq\/wp-json\/wp\/v2\/product\/5778\/revisions\/96723"}],"wp:featuredmedia":[{"embeddable":true,"href":"https:\/\/ekena.de\/sq\/wp-json\/wp\/v2\/media\/96206"}],"wp:attachment":[{"href":"https:\/\/ekena.de\/sq\/wp-json\/wp\/v2\/media?parent=5778"}],"wp:term":[{"taxonomy":"product_brand","embeddable":true,"href":"https:\/\/ekena.de\/sq\/wp-json\/wp\/v2\/product_brand?post=5778"},{"taxonomy":"product_cat","embeddable":true,"href":"https:\/\/ekena.de\/sq\/wp-json\/wp\/v2\/product_cat?post=5778"},{"taxonomy":"product_tag","embeddable":true,"href":"https:\/\/ekena.de\/sq\/wp-json\/wp\/v2\/product_tag?post=5778"}],"curies":[{"name":"wp","href":"https:\/\/api.w.org\/{rel}","templated":true}]}}