{"id":6087,"date":"2021-05-26T11:08:34","date_gmt":"2021-05-26T11:08:34","guid":{"rendered":"http:\/\/ekena.ch\/?post_type=product&#038;p=6087"},"modified":"2026-05-01T13:00:41","modified_gmt":"2026-05-01T13:00:41","slug":"beohemija-duel-soft-lotus-1-9l","status":"publish","type":"product","link":"https:\/\/ekena.de\/sq\/produkt\/zbutes-per-rroba-soft-lotus-1-9l\/","title":{"rendered":"Weichsp\u00fcler Soft Lotus,  Duel &#8211; 1,6L"},"content":{"rendered":"<p>Konzentrierter Weichsp\u00fcler. Macht Ihre W\u00e4sche weich, duftend, leicht zu b\u00fcgeln und neutralisiert statische Aufladung.<br \/>\nAu\u00dfer Reichweite von Kindern aufbewahren.<\/p>\n<p>Inhaltstoffe:<br \/>\n5-15% Kationische Tenside, Konservierungsmittel (Phenoxyethanol, Benzisothiazolinone) Duftstoffe, Hexyl Cinnamal, Linalool, Geraniol, Enth\u00e4ltBenzyl Salicyat, Tetramenthyl Acetyloctahydronaphthalenes, Butyphenyl Methylpropional. Kann allergische Reaktonen hervorufen.<\/p>\n<p>Obwohl wir alle Ma\u00dfnahmen ergriffen haben, um sicherzustellen, dass alle Informationen \u00fcber Produkte korrekt sind, werden Lebensmittelprodukte oft ge\u00e4ndert und nach den oben genannten Zutaten k\u00f6nnen sich die Menge der Zutaten, der N\u00e4hrwert und die Allergene \u00e4ndern. Vor dem Verzehr sollten Sie immer das Etikett lesen. Wir bitten Sie, sich nicht ausschlie\u00dflich auf diese Informationen zu verlassen, die auf unserer Website ver\u00f6ffentlicht werden. Wenn Sie Fragen haben oder eine Beratung w\u00fcnschen, kontaktieren Sie uns bitte unter der E-Mail-Adresse info@fgo-impex.de. Obwohl Informationen \u00fcber Produkte regelm\u00e4\u00dfig aktualisiert werden, ist FGO Impex f\u00fcr falsche Informationen nicht verantwortlich. Dies hat keinen Einfluss auf Ihre gesetzlichen Rechte.<\/p>","protected":false},"excerpt":{"rendered":"<p>Konzentrierter Weichsp\u00fcler. Macht Ihre W\u00e4sche weich, duftend, leicht zu b\u00fcgeln und neutralisiert statische Aufladung. Au\u00dfer Reichweite von Kindern aufbewahren. Inhaltstoffe: 5-15% Kationische Tenside, Konservierungsmittel (Phenoxyethanol, Benzisothiazolinone) Duftstoffe, Hexyl Cinnamal, Linalool, Geraniol, Enth\u00e4ltBenzyl Salicyat, Tetramenthyl Acetyloctahydronaphthalenes, Butyphenyl Methylpropional. Kann allergische Reaktonen hervorufen. Obwohl wir alle Ma\u00dfnahmen ergriffen haben, um sicherzustellen, dass alle Informationen \u00fcber Produkte korrekt [&hellip;]<\/p>\n","protected":false},"featured_media":96106,"template":"","meta":{"slim_seo":{"title":"Weichsp\u00fcler Soft Lotus, Duel - 1,6L - Ekena","description":"Konzentrierter Weichsp\u00fcler. Macht Ihre W\u00e4sche weich, duftend, leicht zu b\u00fcgeln und neutralisiert statische Aufladung. Au\u00dfer Reichweite von Kindern aufbewahren."}},"product_brand":[],"product_cat":[518,499],"product_tag":[],"class_list":{"0":"post-6087","1":"product","2":"type-product","3":"status-publish","4":"has-post-thumbnail","6":"product_cat-maksutovski","7":"product_cat-waeschepflege","9":"first","10":"instock","11":"sale","12":"taxable","13":"shipping-taxable","14":"purchasable","15":"product-type-simple"},"_links":{"self":[{"href":"https:\/\/ekena.de\/sq\/wp-json\/wp\/v2\/product\/6087","targetHints":{"allow":["GET"]}}],"collection":[{"href":"https:\/\/ekena.de\/sq\/wp-json\/wp\/v2\/product"}],"about":[{"href":"https:\/\/ekena.de\/sq\/wp-json\/wp\/v2\/types\/product"}],"version-history":[{"count":1,"href":"https:\/\/ekena.de\/sq\/wp-json\/wp\/v2\/product\/6087\/revisions"}],"predecessor-version":[{"id":96107,"href":"https:\/\/ekena.de\/sq\/wp-json\/wp\/v2\/product\/6087\/revisions\/96107"}],"wp:featuredmedia":[{"embeddable":true,"href":"https:\/\/ekena.de\/sq\/wp-json\/wp\/v2\/media\/96106"}],"wp:attachment":[{"href":"https:\/\/ekena.de\/sq\/wp-json\/wp\/v2\/media?parent=6087"}],"wp:term":[{"taxonomy":"product_brand","embeddable":true,"href":"https:\/\/ekena.de\/sq\/wp-json\/wp\/v2\/product_brand?post=6087"},{"taxonomy":"product_cat","embeddable":true,"href":"https:\/\/ekena.de\/sq\/wp-json\/wp\/v2\/product_cat?post=6087"},{"taxonomy":"product_tag","embeddable":true,"href":"https:\/\/ekena.de\/sq\/wp-json\/wp\/v2\/product_tag?post=6087"}],"curies":[{"name":"wp","href":"https:\/\/api.w.org\/{rel}","templated":true}]}}