{"id":91846,"date":"2022-05-09T12:54:19","date_gmt":"2022-05-09T12:54:19","guid":{"rendered":"https:\/\/www.mesh-web.dev\/ekenade\/?post_type=product&#038;p=91846"},"modified":"2025-02-23T16:34:16","modified_gmt":"2025-02-23T16:34:16","slug":"risons-traubenbrand-teke-385-alc","status":"publish","type":"product","link":"https:\/\/ekena.de\/sq\/produkt\/risons-traubenbrand-teke-385-alc\/","title":{"rendered":"Risons Traubenbrand TEKE 1,0l &#8211; 38,5% alc."},"content":{"rendered":"<p><strong>!!! Sh\u00ebnim p\u00ebr mbrojtjen e t\u00eb miturve !!!<\/strong><\/p>\n<p>Der Verkauf von Alkohol an Jugendliche unter 18 Jahre ist verboten. Das Angebot der FGO Impex bzw. Ekena Online Shop richtet sich ausschlie\u00dflich an Erwachsene.<\/p>\n<p>Personen, die unter 18 Jahre alt sind, d\u00fcrfen keine Spirituosen bei Ekena online Shop bestellen. Bei Bestellung erkl\u00e4ren sich die Kunden der Ekena Online Shop mit dieser Regelung einverstanden und versichern, das Mindestalter von 18 Jahren erreicht bzw. bereits \u00fcberschritten zu haben.<\/p>","protected":false},"excerpt":{"rendered":"<p>Traubenbrand aus dem Kosovo<\/p>\n<p>Hergestellt von Risons Destillerie<\/p>\n<p>38,5% Alkohol, 1,0l Flasche<\/p>\n<p>Wunderbar mild und fruchtig, charakteristischer Traubengeschmack aus dem Balkan<\/p>\n<p>enth\u00e4lt Sulfite, contains sulphites.<\/p>","protected":false},"featured_media":96210,"template":"","meta":{"slim_seo":{"title":"Risons Traubenbrand TEKE 1,0l - 38,5% alc. - Ekena","description":"Traubenbrand aus dem Kosovo Hergestellt von Risons Destillerie 38,5% Alkohol, 1,0l Flasche Wunderbar mild und fruchtig, charakteristischer Traubengeschmack aus"}},"product_brand":[],"product_cat":[532],"product_tag":[612,611],"class_list":{"0":"post-91846","1":"product","2":"type-product","3":"status-publish","4":"has-post-thumbnail","6":"product_cat-spirituosen","7":"product_tag-raki","8":"product_tag-traubenbrand","10":"first","11":"instock","12":"sale","13":"taxable","14":"shipping-taxable","15":"purchasable","16":"product-type-simple"},"_links":{"self":[{"href":"https:\/\/ekena.de\/sq\/wp-json\/wp\/v2\/product\/91846","targetHints":{"allow":["GET"]}}],"collection":[{"href":"https:\/\/ekena.de\/sq\/wp-json\/wp\/v2\/product"}],"about":[{"href":"https:\/\/ekena.de\/sq\/wp-json\/wp\/v2\/types\/product"}],"version-history":[{"count":4,"href":"https:\/\/ekena.de\/sq\/wp-json\/wp\/v2\/product\/91846\/revisions"}],"predecessor-version":[{"id":96196,"href":"https:\/\/ekena.de\/sq\/wp-json\/wp\/v2\/product\/91846\/revisions\/96196"}],"wp:featuredmedia":[{"embeddable":true,"href":"https:\/\/ekena.de\/sq\/wp-json\/wp\/v2\/media\/96210"}],"wp:attachment":[{"href":"https:\/\/ekena.de\/sq\/wp-json\/wp\/v2\/media?parent=91846"}],"wp:term":[{"taxonomy":"product_brand","embeddable":true,"href":"https:\/\/ekena.de\/sq\/wp-json\/wp\/v2\/product_brand?post=91846"},{"taxonomy":"product_cat","embeddable":true,"href":"https:\/\/ekena.de\/sq\/wp-json\/wp\/v2\/product_cat?post=91846"},{"taxonomy":"product_tag","embeddable":true,"href":"https:\/\/ekena.de\/sq\/wp-json\/wp\/v2\/product_tag?post=91846"}],"curies":[{"name":"wp","href":"https:\/\/api.w.org\/{rel}","templated":true}]}}