{"id":91957,"date":"2022-06-05T23:52:25","date_gmt":"2022-06-05T23:52:25","guid":{"rendered":"https:\/\/www.mesh-web.dev\/ekenade\/?post_type=product&#038;p=91957"},"modified":"2026-04-12T09:30:21","modified_gmt":"2026-04-12T09:30:21","slug":"tee-glaeser-6x","status":"publish","type":"product","link":"https:\/\/ekena.de\/sq\/produkt\/tee-glaeser-6x\/","title":{"rendered":"Tee Gl\u00e4ser 6er Set"},"content":{"rendered":"<p>Tee Gl\u00e4ser f\u00fcr Schwarztee<\/p>","protected":false},"excerpt":{"rendered":"<p>Tee Gl\u00e4ser f\u00fcr Schwarztee<\/p>","protected":false},"featured_media":96141,"template":"","meta":{"slim_seo":{"title":"Tee Gl\u00e4ser 6er Set - Ekena","description":"Tee Gl\u00e4ser f\u00fcr Schwarztee"}},"product_brand":[],"product_cat":[15],"product_tag":[607,605,606,604],"class_list":{"0":"post-91957","1":"product","2":"type-product","3":"status-publish","4":"has-post-thumbnail","6":"product_cat-andere","7":"product_tag-caj","8":"product_tag-gota","9":"product_tag-gota-caji","10":"product_tag-tee-glaeser","12":"first","13":"instock","14":"taxable","15":"shipping-taxable","16":"purchasable","17":"product-type-simple"},"_links":{"self":[{"href":"https:\/\/ekena.de\/sq\/wp-json\/wp\/v2\/product\/91957","targetHints":{"allow":["GET"]}}],"collection":[{"href":"https:\/\/ekena.de\/sq\/wp-json\/wp\/v2\/product"}],"about":[{"href":"https:\/\/ekena.de\/sq\/wp-json\/wp\/v2\/types\/product"}],"version-history":[{"count":2,"href":"https:\/\/ekena.de\/sq\/wp-json\/wp\/v2\/product\/91957\/revisions"}],"predecessor-version":[{"id":95854,"href":"https:\/\/ekena.de\/sq\/wp-json\/wp\/v2\/product\/91957\/revisions\/95854"}],"wp:featuredmedia":[{"embeddable":true,"href":"https:\/\/ekena.de\/sq\/wp-json\/wp\/v2\/media\/96141"}],"wp:attachment":[{"href":"https:\/\/ekena.de\/sq\/wp-json\/wp\/v2\/media?parent=91957"}],"wp:term":[{"taxonomy":"product_brand","embeddable":true,"href":"https:\/\/ekena.de\/sq\/wp-json\/wp\/v2\/product_brand?post=91957"},{"taxonomy":"product_cat","embeddable":true,"href":"https:\/\/ekena.de\/sq\/wp-json\/wp\/v2\/product_cat?post=91957"},{"taxonomy":"product_tag","embeddable":true,"href":"https:\/\/ekena.de\/sq\/wp-json\/wp\/v2\/product_tag?post=91957"}],"curies":[{"name":"wp","href":"https:\/\/api.w.org\/{rel}","templated":true}]}}