{"id":92700,"date":"2024-02-10T13:57:46","date_gmt":"2024-02-10T13:57:46","guid":{"rendered":"https:\/\/www.mesh-web.dev\/ekenade\/?post_type=product&#038;p=92700"},"modified":"2026-03-16T07:42:12","modified_gmt":"2026-03-16T07:42:12","slug":"maismehl-weiss-1kg-miell-misri-1kg","status":"publish","type":"product","link":"https:\/\/ekena.de\/sq\/produkt\/maismehl-weiss-1kg-miell-misri-1kg\/","title":{"rendered":"Maismehl Wei\u00df 1kg \/ Miell Misri 1kg"},"content":{"rendered":"<p>Maismehl<\/p>\n<p>Zutaten: Maismehl<\/p>\n<p>Feuchtigkeit: 12,6%, Asche 0,98%,<\/p>\n<p>Energie: 384 Kcal<\/p>\n<p>Kohlenhydrate: 79.60 g<\/p>\n<p>Eiwei\u00df: 57.4 g<\/p>\n<p>Fett: 8.80 g<\/p>\n<p>K\u00fchl, trocken und lichtgesch\u00fctzt lagern.<\/p>","protected":false},"excerpt":{"rendered":"<p>Feines Maismehl von FGO Impex \u2013 perfekt f\u00fcr Brot, Backen und vielseitige Rezepte. Nat\u00fcrlich, hochwertig, k\u00f6stlich!<\/p>","protected":false},"featured_media":96149,"template":"","meta":{"slim_seo":{"title":"Maismehl Wei\u00df 1kg online kaufen \u2013 Ekena","description":"Hochwertiges Wei\u00dfes Maismehl 1kg f\u00fcr feine Gerichte! Jetzt online bei Ekena bestellen und authentische albanische Zutaten genie\u00dfen."}},"product_brand":[],"product_cat":[487,541,15],"product_tag":[],"class_list":{"0":"post-92700","1":"product","2":"type-product","3":"status-publish","4":"has-post-thumbnail","6":"product_cat-backen","7":"product_cat-vorratsschrank","8":"product_cat-andere","10":"first","11":"instock","12":"taxable","13":"shipping-taxable","14":"purchasable","15":"product-type-simple"},"_links":{"self":[{"href":"https:\/\/ekena.de\/sq\/wp-json\/wp\/v2\/product\/92700","targetHints":{"allow":["GET"]}}],"collection":[{"href":"https:\/\/ekena.de\/sq\/wp-json\/wp\/v2\/product"}],"about":[{"href":"https:\/\/ekena.de\/sq\/wp-json\/wp\/v2\/types\/product"}],"version-history":[{"count":5,"href":"https:\/\/ekena.de\/sq\/wp-json\/wp\/v2\/product\/92700\/revisions"}],"predecessor-version":[{"id":97369,"href":"https:\/\/ekena.de\/sq\/wp-json\/wp\/v2\/product\/92700\/revisions\/97369"}],"wp:featuredmedia":[{"embeddable":true,"href":"https:\/\/ekena.de\/sq\/wp-json\/wp\/v2\/media\/96149"}],"wp:attachment":[{"href":"https:\/\/ekena.de\/sq\/wp-json\/wp\/v2\/media?parent=92700"}],"wp:term":[{"taxonomy":"product_brand","embeddable":true,"href":"https:\/\/ekena.de\/sq\/wp-json\/wp\/v2\/product_brand?post=92700"},{"taxonomy":"product_cat","embeddable":true,"href":"https:\/\/ekena.de\/sq\/wp-json\/wp\/v2\/product_cat?post=92700"},{"taxonomy":"product_tag","embeddable":true,"href":"https:\/\/ekena.de\/sq\/wp-json\/wp\/v2\/product_tag?post=92700"}],"curies":[{"name":"wp","href":"https:\/\/api.w.org\/{rel}","templated":true}]}}