{"id":96321,"date":"2024-12-16T23:35:25","date_gmt":"2024-12-16T23:35:25","guid":{"rendered":"https:\/\/ekena.de\/?post_type=product&#038;p=96321"},"modified":"2026-03-22T03:38:35","modified_gmt":"2026-03-22T03:38:35","slug":"prince-kaffee-500g","status":"publish","type":"product","link":"https:\/\/ekena.de\/sq\/produkt\/prince-kaffee-500g\/","title":{"rendered":"Prince Kaffee 500g"},"content":{"rendered":"<p>P\u00ebrb\u00ebr\u00ebsit:<\/p>\n<p>gemahlener ger\u00f6steter Kaffee<\/p>\n<div class=\"product__description rte quick-add-hidden\">\n<p>F\u00fcr die vorstehenden Angaben wird keine Haftung \u00fcbernommen. Bitte pr\u00fcfen Sie im Einzelfall die Angaben auf der jeweiligen Produktverpackung, nur diese sind verbindlich.<\/p>\n<\/div>","protected":false},"excerpt":{"rendered":"<h4 class=\"h3 thin\">Princ Kaffee &#8211; Kosovarischer Mokka Kaffee nach t\u00fcrkischer Art fein gemahlen 500g<\/h4>","protected":false},"featured_media":96322,"template":"","meta":{"slim_seo":{"title":"Prince Kaffee 500g - Ekena","description":"Princ Kaffee - Kosovarischer Mokka Kaffee nach t\u00fcrkischer Art fein gemahlen 500g"}},"product_brand":[],"product_cat":[527],"product_tag":[],"class_list":{"0":"post-96321","1":"product","2":"type-product","3":"status-publish","4":"has-post-thumbnail","6":"product_cat-kaffee","8":"first","9":"instock","10":"sale","11":"taxable","12":"shipping-taxable","13":"purchasable","14":"product-type-simple"},"_links":{"self":[{"href":"https:\/\/ekena.de\/sq\/wp-json\/wp\/v2\/product\/96321","targetHints":{"allow":["GET"]}}],"collection":[{"href":"https:\/\/ekena.de\/sq\/wp-json\/wp\/v2\/product"}],"about":[{"href":"https:\/\/ekena.de\/sq\/wp-json\/wp\/v2\/types\/product"}],"version-history":[{"count":3,"href":"https:\/\/ekena.de\/sq\/wp-json\/wp\/v2\/product\/96321\/revisions"}],"predecessor-version":[{"id":97092,"href":"https:\/\/ekena.de\/sq\/wp-json\/wp\/v2\/product\/96321\/revisions\/97092"}],"wp:featuredmedia":[{"embeddable":true,"href":"https:\/\/ekena.de\/sq\/wp-json\/wp\/v2\/media\/96322"}],"wp:attachment":[{"href":"https:\/\/ekena.de\/sq\/wp-json\/wp\/v2\/media?parent=96321"}],"wp:term":[{"taxonomy":"product_brand","embeddable":true,"href":"https:\/\/ekena.de\/sq\/wp-json\/wp\/v2\/product_brand?post=96321"},{"taxonomy":"product_cat","embeddable":true,"href":"https:\/\/ekena.de\/sq\/wp-json\/wp\/v2\/product_cat?post=96321"},{"taxonomy":"product_tag","embeddable":true,"href":"https:\/\/ekena.de\/sq\/wp-json\/wp\/v2\/product_tag?post=96321"}],"curies":[{"name":"wp","href":"https:\/\/api.w.org\/{rel}","templated":true}]}}