{"id":96472,"date":"2025-01-03T14:02:20","date_gmt":"2025-01-03T14:02:20","guid":{"rendered":"https:\/\/ekena.de\/?post_type=product&#038;p=96472"},"modified":"2025-12-27T10:14:42","modified_gmt":"2025-12-27T10:14:42","slug":"frutti-cranberry-1l","status":"publish","type":"product","link":"https:\/\/ekena.de\/sq\/produkt\/frutti-cranberry-1l\/","title":{"rendered":"Frutti Cranberry 1l"},"content":{"rendered":"<p>Zutaten: Wasser, Cranberrysaft\u00a0 (konzentriertes Cranberrysaft 15%), Apfelkonzentrat 5%, Zucker, Zitronens\u00e4ure, Holunderaroma. Pasteurisiert.<\/p>\n<p>N\u00e4hrwert pro 100 ml:<br \/>\nEnergie 150 Kj\/36 kcal<br \/>\nKohlenhydrate 11 g<br \/>\ndavon Zucker 9,0 g<br \/>\nProtein 0,1 g<\/p>\n<p>Hersteller:<\/p>\n<p>Frutti, Kosovo<\/p>\n<h5><\/h5>\n<p>Obwohl wir alle Ma\u00dfnahmen ergriffen haben, um sicherzustellen, dass alle Informationen \u00fcber Produkte korrekt sind, werden Lebensmittelprodukte oft ge\u00e4ndert und nach den oben genannten Zutaten k\u00f6nnen sich die Menge der Zutaten, der N\u00e4hrwert und die Allergene \u00e4ndern. Vor dem Verzehr sollten Sie immer das Etikett lesen. Wir bitten Sie, sich nicht ausschlie\u00dflich auf diese Informationen zu verlassen, die auf unserer Website ver\u00f6ffentlicht werden. Wenn Sie Fragen haben oder eine Beratung w\u00fcnschen, kontaktieren Sie uns bitte unter der E-Mail-Adresse info@fgo-impex.de. Obwohl Informationen \u00fcber Produkte regelm\u00e4\u00dfig aktualisiert werden, ist FGO Impex f\u00fcr falsche Informationen nicht verantwortlich. Dies hat keinen Einfluss auf Ihre gesetzlichen Rechte.<\/p>","protected":false},"excerpt":{"rendered":"<p>Zutaten: Wasser, Cranberrysaft\u00a0 (konzentriertes Cranberrysaft 15%), Apfelkonzentrat 5%, Zucker, Zitronens\u00e4ure, Holunderaroma. Pasteurisiert. N\u00e4hrwert pro 100 ml: Energie 150 Kj\/36 kcal Kohlenhydrate 11 g davon Zucker 9,0 g Protein 0,1 g Hersteller: Frutti, Kosovo Obwohl wir alle Ma\u00dfnahmen ergriffen haben, um sicherzustellen, dass alle Informationen \u00fcber Produkte korrekt sind, werden Lebensmittelprodukte oft ge\u00e4ndert und nach den [&hellip;]<\/p>\n","protected":false},"featured_media":96475,"template":"","meta":{"slim_seo":{"title":"Frutti Cranberry 1l - Ekena","description":"Zutaten: Wasser, Cranberrysaft\u00a0 (konzentriertes Cranberrysaft 15%), Apfelkonzentrat 5%, Zucker, Zitronens\u00e4ure, Holunderaroma. Pasteurisiert. N\u00e4hrwert pro 100 ml"}},"product_brand":[],"product_cat":[534,524],"product_tag":[],"class_list":{"0":"post-96472","1":"product","2":"type-product","3":"status-publish","4":"has-post-thumbnail","6":"product_cat-fruchtsaefte","7":"product_cat-getraenke","9":"first","10":"instock","11":"sale","12":"taxable","13":"shipping-taxable","14":"purchasable","15":"product-type-simple"},"_links":{"self":[{"href":"https:\/\/ekena.de\/sq\/wp-json\/wp\/v2\/product\/96472","targetHints":{"allow":["GET"]}}],"collection":[{"href":"https:\/\/ekena.de\/sq\/wp-json\/wp\/v2\/product"}],"about":[{"href":"https:\/\/ekena.de\/sq\/wp-json\/wp\/v2\/types\/product"}],"version-history":[{"count":1,"href":"https:\/\/ekena.de\/sq\/wp-json\/wp\/v2\/product\/96472\/revisions"}],"predecessor-version":[{"id":96474,"href":"https:\/\/ekena.de\/sq\/wp-json\/wp\/v2\/product\/96472\/revisions\/96474"}],"wp:featuredmedia":[{"embeddable":true,"href":"https:\/\/ekena.de\/sq\/wp-json\/wp\/v2\/media\/96475"}],"wp:attachment":[{"href":"https:\/\/ekena.de\/sq\/wp-json\/wp\/v2\/media?parent=96472"}],"wp:term":[{"taxonomy":"product_brand","embeddable":true,"href":"https:\/\/ekena.de\/sq\/wp-json\/wp\/v2\/product_brand?post=96472"},{"taxonomy":"product_cat","embeddable":true,"href":"https:\/\/ekena.de\/sq\/wp-json\/wp\/v2\/product_cat?post=96472"},{"taxonomy":"product_tag","embeddable":true,"href":"https:\/\/ekena.de\/sq\/wp-json\/wp\/v2\/product_tag?post=96472"}],"curies":[{"name":"wp","href":"https:\/\/api.w.org\/{rel}","templated":true}]}}