{"id":96846,"date":"2025-03-04T15:41:04","date_gmt":"2025-03-04T15:41:04","guid":{"rendered":"https:\/\/ekena.de\/?post_type=product&#038;p=96846"},"modified":"2025-12-15T10:10:06","modified_gmt":"2025-12-15T10:10:06","slug":"lokja-lutenice-scharf-550g","status":"publish","type":"product","link":"https:\/\/ekena.de\/sq\/produkt\/lokja-lutenice-scharf-550g\/","title":{"rendered":"Lokja Lutenice Scharf 550g"},"content":{"rendered":"<p>Gem\u00fcse Brotaufstrich Scharf<\/p>\n<p>P\u00ebrb\u00ebr\u00ebsit:<\/p>\n<p>Ger\u00f6stete Rote Paprika, Tomate, Sonnenblumen\u00f6l, Salz, Chilli, Knoblauch, Petersilie, Essig, Pasteurisiert.<\/p>\n<p>Hergestellt in Kosovo f\u00fcr:<\/p>\n<p>4U Foods GmbH<\/p>\n<p>Hochmeisterstra\u00dfe 11<\/p>\n<p>53757 Sankt Augustin<\/p>","protected":false},"excerpt":{"rendered":"<p>Gem\u00fcse Brotaufstrich Scharf Zutaten: Ger\u00f6stete Rote Paprika, Tomate, Sonnenblumen\u00f6l, Salz, Chilli, Knoblauch, Petersilie, Essig, Pasteurisiert. Hergestellt in Kosovo f\u00fcr: 4U Foods GmbH Hochmeisterstra\u00dfe 11 53757 Sankt Augustin<\/p>","protected":false},"featured_media":96847,"template":"","meta":{"slim_seo":{"title":"Lokja Lutenice Scharf 550g - Ekena","description":"Gem\u00fcse Brotaufstrich Scharf Zutaten: Ger\u00f6stete Rote Paprika, Tomate, Sonnenblumen\u00f6l, Salz, Chilli, Knoblauch, Petersilie, Essig, Pasteurisiert. Hergestellt in K"}},"product_brand":[],"product_cat":[480,473],"product_tag":[],"class_list":{"0":"post-96846","1":"product","2":"type-product","3":"status-publish","4":"has-post-thumbnail","6":"product_cat-ajvar","7":"product_cat-aufstriche","9":"first","10":"instock","11":"sale","12":"taxable","13":"shipping-taxable","14":"purchasable","15":"product-type-simple"},"_links":{"self":[{"href":"https:\/\/ekena.de\/sq\/wp-json\/wp\/v2\/product\/96846","targetHints":{"allow":["GET"]}}],"collection":[{"href":"https:\/\/ekena.de\/sq\/wp-json\/wp\/v2\/product"}],"about":[{"href":"https:\/\/ekena.de\/sq\/wp-json\/wp\/v2\/types\/product"}],"version-history":[{"count":1,"href":"https:\/\/ekena.de\/sq\/wp-json\/wp\/v2\/product\/96846\/revisions"}],"predecessor-version":[{"id":96848,"href":"https:\/\/ekena.de\/sq\/wp-json\/wp\/v2\/product\/96846\/revisions\/96848"}],"wp:featuredmedia":[{"embeddable":true,"href":"https:\/\/ekena.de\/sq\/wp-json\/wp\/v2\/media\/96847"}],"wp:attachment":[{"href":"https:\/\/ekena.de\/sq\/wp-json\/wp\/v2\/media?parent=96846"}],"wp:term":[{"taxonomy":"product_brand","embeddable":true,"href":"https:\/\/ekena.de\/sq\/wp-json\/wp\/v2\/product_brand?post=96846"},{"taxonomy":"product_cat","embeddable":true,"href":"https:\/\/ekena.de\/sq\/wp-json\/wp\/v2\/product_cat?post=96846"},{"taxonomy":"product_tag","embeddable":true,"href":"https:\/\/ekena.de\/sq\/wp-json\/wp\/v2\/product_tag?post=96846"}],"curies":[{"name":"wp","href":"https:\/\/api.w.org\/{rel}","templated":true}]}}