{"id":96856,"date":"2025-03-04T15:59:58","date_gmt":"2025-03-04T15:59:58","guid":{"rendered":"https:\/\/ekena.de\/?post_type=product&#038;p=96856"},"modified":"2026-01-14T23:05:19","modified_gmt":"2026-01-14T23:05:19","slug":"lokja-hausgemachter-ajvar-mild-550g","status":"publish","type":"product","link":"https:\/\/ekena.de\/sq\/produkt\/lokja-hausgemachter-ajvar-mild-550g\/","title":{"rendered":"Lokja Hausgemachter Ajvar Scharf 550g"},"content":{"rendered":"<p>Gem\u00fcse Brotaufstrich Scharf<\/p>\n<p>P\u00ebrb\u00ebr\u00ebsit:<\/p>\n<p>Ger\u00f6stete rote Paprika, Aubergine, Sonnenblumen\u00f6l, Salz, Chilli, Pasteurisiert.<\/p>\n<p>Hergestellt in Kosovo f\u00fcr:<\/p>\n<p>4U Foods GmbH<\/p>\n<p>Hochmeisterstra\u00dfe 11<\/p>\n<p>53757 Sankt Augustin<\/p>","protected":false},"excerpt":{"rendered":"<p>Gem\u00fcse Brotaufstrich Scharf Zutaten: Ger\u00f6stete rote Paprika, Aubergine, Sonnenblumen\u00f6l, Salz, Chilli, Pasteurisiert. Hergestellt in Kosovo f\u00fcr: 4U Foods GmbH Hochmeisterstra\u00dfe 11 53757 Sankt Augustin<\/p>","protected":false},"featured_media":96857,"template":"","meta":{"slim_seo":{"title":"Lokja Hausgemachter Ajvar Scharf 550g - Ekena","description":"Gem\u00fcse Brotaufstrich Scharf Zutaten: Ger\u00f6stete rote Paprika, Aubergine, Sonnenblumen\u00f6l, Salz, Chilli, Pasteurisiert. Hergestellt in Kosovo f\u00fcr: 4U Foods GmbH Ho"}},"product_brand":[],"product_cat":[480,473,15],"product_tag":[],"class_list":{"0":"post-96856","1":"product","2":"type-product","3":"status-publish","4":"has-post-thumbnail","6":"product_cat-ajvar","7":"product_cat-aufstriche","8":"product_cat-andere","10":"first","11":"instock","12":"sale","13":"taxable","14":"shipping-taxable","15":"purchasable","16":"product-type-simple"},"_links":{"self":[{"href":"https:\/\/ekena.de\/sq\/wp-json\/wp\/v2\/product\/96856","targetHints":{"allow":["GET"]}}],"collection":[{"href":"https:\/\/ekena.de\/sq\/wp-json\/wp\/v2\/product"}],"about":[{"href":"https:\/\/ekena.de\/sq\/wp-json\/wp\/v2\/types\/product"}],"version-history":[{"count":2,"href":"https:\/\/ekena.de\/sq\/wp-json\/wp\/v2\/product\/96856\/revisions"}],"predecessor-version":[{"id":96860,"href":"https:\/\/ekena.de\/sq\/wp-json\/wp\/v2\/product\/96856\/revisions\/96860"}],"wp:featuredmedia":[{"embeddable":true,"href":"https:\/\/ekena.de\/sq\/wp-json\/wp\/v2\/media\/96857"}],"wp:attachment":[{"href":"https:\/\/ekena.de\/sq\/wp-json\/wp\/v2\/media?parent=96856"}],"wp:term":[{"taxonomy":"product_brand","embeddable":true,"href":"https:\/\/ekena.de\/sq\/wp-json\/wp\/v2\/product_brand?post=96856"},{"taxonomy":"product_cat","embeddable":true,"href":"https:\/\/ekena.de\/sq\/wp-json\/wp\/v2\/product_cat?post=96856"},{"taxonomy":"product_tag","embeddable":true,"href":"https:\/\/ekena.de\/sq\/wp-json\/wp\/v2\/product_tag?post=96856"}],"curies":[{"name":"wp","href":"https:\/\/api.w.org\/{rel}","templated":true}]}}