{"id":97040,"date":"2025-03-31T10:07:52","date_gmt":"2025-03-31T10:07:52","guid":{"rendered":"https:\/\/ekena.de\/?post_type=product&#038;p=97040"},"modified":"2026-05-01T12:57:42","modified_gmt":"2026-05-01T12:57:42","slug":"dukagjini-gemahlene-paprika-edelsuess-500g","status":"publish","type":"product","link":"https:\/\/ekena.de\/sq\/produkt\/dukagjini-gemahlene-paprika-edelsuess-500g\/","title":{"rendered":"Dukagjini Gemahlene Paprika Edels\u00fc\u00df 500g"},"content":{"rendered":"<p data-start=\"124\" data-end=\"189\">Paprikapulver (gemahlen), 500 g<\/p>\n<p data-start=\"191\" data-end=\"526\"><strong data-start=\"191\" data-end=\"215\">P\u00ebrshkrim i produktit:<\/strong><br data-start=\"215\" data-end=\"218\" \/>Das rote Paprikapulver von Dukagjin ist ein fein gemahlenes Gew\u00fcrz aus edels\u00fc\u00dfen Paprikaschoten. Es eignet sich ideal zum W\u00fcrzen und Verfeinern von Fleischgerichten, Suppen, Saucen sowie Gem\u00fcse- und Reisgerichten. Das aromatische Pulver verleiht Speisen eine kr\u00e4ftige Farbe und einen mild-w\u00fcrzigen Geschmack.<\/p>\n<p data-start=\"528\" data-end=\"568\"><strong data-start=\"528\" data-end=\"540\">P\u00ebrb\u00ebr\u00ebsit:<\/strong><br data-start=\"540\" data-end=\"543\" \/>Paprika edels\u00fc\u00df, gemahlen<\/p>\n<p data-start=\"570\" data-end=\"597\"><strong data-start=\"570\" data-end=\"589\">Nettof\u00fcllmenge:<\/strong><br data-start=\"589\" data-end=\"592\" \/>500 g<\/p>\n<p data-start=\"599\" data-end=\"625\"><strong data-start=\"599\" data-end=\"623\">N\u00e4hrwerte pro 100 g:<\/strong><\/p>\n<ul data-start=\"626\" data-end=\"818\">\n<li data-section-id=\"sbjzni\" data-start=\"626\" data-end=\"657\">Energie: 1180 kJ \/ 282 kcal<\/li>\n<li data-section-id=\"1t3jgzm\" data-start=\"658\" data-end=\"713\">Fett: 14 g\n<ul data-start=\"675\" data-end=\"713\">\n<li data-section-id=\"y6fan2\" data-start=\"675\" data-end=\"713\">davon ges\u00e4ttigte Fetts\u00e4uren: 2,5 g<\/li>\n<\/ul>\n<\/li>\n<li data-section-id=\"nv15hf\" data-start=\"714\" data-end=\"761\">Kohlenhydrate: 50 g\n<ul data-start=\"740\" data-end=\"761\">\n<li data-section-id=\"1waxl0g\" data-start=\"740\" data-end=\"761\">davon Zucker: 7 g<\/li>\n<\/ul>\n<\/li>\n<li data-section-id=\"iaa3wf\" data-start=\"762\" data-end=\"778\">Eiwei\u00df: 13 g<\/li>\n<li data-section-id=\"wel6qg\" data-start=\"779\" data-end=\"794\">Salz: 4,1 g<\/li>\n<li data-section-id=\"7f93h7\" data-start=\"795\" data-end=\"818\">Ballaststoffe: 35 g<\/li>\n<\/ul>\n<p data-start=\"820\" data-end=\"880\"><strong data-start=\"820\" data-end=\"837\">Aufbewahrung:<\/strong><br data-start=\"837\" data-end=\"840\" \/>K\u00fchl, trocken und lichtgesch\u00fctzt lagern.<\/p>\n<p data-start=\"882\" data-end=\"914\"><strong data-start=\"882\" data-end=\"903\">Herkunft:<\/strong><br data-start=\"903\" data-end=\"906\" \/>Kosovo<\/p>\n<p data-start=\"916\" data-end=\"1097\"><strong data-start=\"916\" data-end=\"944\">Importeur:<\/strong><br data-start=\"944\" data-end=\"947\" \/>4U Foods GmbH<br data-start=\"960\" data-end=\"963\" \/>Hochmeisterstra\u00dfe 11<br data-start=\"983\" data-end=\"986\" \/>53757 Sankt Augustin<br data-start=\"1006\" data-end=\"1009\" \/>Deutschland<br data-start=\"1045\" data-end=\"1048\" \/>E-Mail: <a class=\"decorated-link cursor-pointer\" rel=\"noopener\" data-start=\"1056\" data-end=\"1072\">info@4u-foods.de<\/a><\/p>\n<p data-start=\"1099\" data-end=\"1263\"><strong data-start=\"1099\" data-end=\"1114\">Verwendung:<\/strong><br data-start=\"1114\" data-end=\"1117\" \/>Ideal f\u00fcr die Zubereitung von traditionellen und internationalen Gerichten. Besonders geeignet f\u00fcr Gulasch, Eint\u00f6pfe, Marinaden und Grillgerichte.<\/p>\n<p>Bitte beachten:<\/p>\n<p>Obwohl wir alle Ma\u00dfnahmen ergriffen haben, um sicherzustellen, dass alle Informationen \u00fcber Produkte korrekt sind, werden Lebensmittelprodukte oft ge\u00e4ndert und nach den oben genannten Zutaten k\u00f6nnen sich die Menge der Zutaten, der N\u00e4hrwert und die Allergene \u00e4ndern. Vor dem Verzehr sollten Sie immer das Etikett lesen. Wir bitten Sie, sich nicht ausschlie\u00dflich auf diese Informationen zu verlassen, die auf unserer Website ver\u00f6ffentlicht werden. Wenn Sie Fragen haben oder eine Beratung w\u00fcnschen, kontaktieren Sie uns bitte unter der E-Mail-Adresse info@fgo-impex.de. Obwohl Informationen \u00fcber Produkte regelm\u00e4\u00dfig aktualisiert werden, ist FGO Impex f\u00fcr falsche Informationen nicht verantwortlich. Dies hat keinen Einfluss auf Ihre gesetzlichen Rechte.<\/p>","protected":false},"excerpt":{"rendered":"<p>Paprikapulver (gemahlen), 500 g Produktbeschreibung:Das rote Paprikapulver von Dukagjin ist ein fein gemahlenes Gew\u00fcrz aus edels\u00fc\u00dfen Paprikaschoten. Es eignet sich ideal zum W\u00fcrzen und Verfeinern von Fleischgerichten, Suppen, Saucen sowie Gem\u00fcse- und Reisgerichten. Das aromatische Pulver verleiht Speisen eine kr\u00e4ftige Farbe und einen mild-w\u00fcrzigen Geschmack. Zutaten:Paprika edels\u00fc\u00df, gemahlen Nettof\u00fcllmenge:500 g N\u00e4hrwerte pro 100 g: Energie: [&hellip;]<\/p>\n","protected":false},"featured_media":97041,"template":"","meta":{"slim_seo":{"title":"Dukagjini Gemahlene Paprika Edels\u00fc\u00df 500g - Ekena","description":"Paprikapulver (gemahlen), 500 g Produktbeschreibung: Das rote Paprikapulver von Dukagjin ist ein fein gemahlenes Gew\u00fcrz aus edels\u00fc\u00dfen Paprikaschoten. Es eignet"}},"product_brand":[],"product_cat":[15],"product_tag":[],"class_list":{"0":"post-97040","1":"product","2":"type-product","3":"status-publish","4":"has-post-thumbnail","6":"product_cat-andere","8":"first","9":"instock","10":"taxable","11":"shipping-taxable","12":"purchasable","13":"product-type-simple"},"_links":{"self":[{"href":"https:\/\/ekena.de\/sq\/wp-json\/wp\/v2\/product\/97040","targetHints":{"allow":["GET"]}}],"collection":[{"href":"https:\/\/ekena.de\/sq\/wp-json\/wp\/v2\/product"}],"about":[{"href":"https:\/\/ekena.de\/sq\/wp-json\/wp\/v2\/types\/product"}],"version-history":[{"count":4,"href":"https:\/\/ekena.de\/sq\/wp-json\/wp\/v2\/product\/97040\/revisions"}],"predecessor-version":[{"id":97638,"href":"https:\/\/ekena.de\/sq\/wp-json\/wp\/v2\/product\/97040\/revisions\/97638"}],"wp:featuredmedia":[{"embeddable":true,"href":"https:\/\/ekena.de\/sq\/wp-json\/wp\/v2\/media\/97041"}],"wp:attachment":[{"href":"https:\/\/ekena.de\/sq\/wp-json\/wp\/v2\/media?parent=97040"}],"wp:term":[{"taxonomy":"product_brand","embeddable":true,"href":"https:\/\/ekena.de\/sq\/wp-json\/wp\/v2\/product_brand?post=97040"},{"taxonomy":"product_cat","embeddable":true,"href":"https:\/\/ekena.de\/sq\/wp-json\/wp\/v2\/product_cat?post=97040"},{"taxonomy":"product_tag","embeddable":true,"href":"https:\/\/ekena.de\/sq\/wp-json\/wp\/v2\/product_tag?post=97040"}],"curies":[{"name":"wp","href":"https:\/\/api.w.org\/{rel}","templated":true}]}}