{"id":97673,"date":"2026-05-02T15:05:58","date_gmt":"2026-05-02T15:05:58","guid":{"rendered":"https:\/\/ekena.de\/?post_type=product&#038;p=97673"},"modified":"2026-05-02T15:21:18","modified_gmt":"2026-05-02T15:21:18","slug":"frutti-birnensaft-1l","status":"publish","type":"product","link":"https:\/\/ekena.de\/sq\/produkt\/frutti-birnensaft-1l\/","title":{"rendered":"Frutti Birnensaft 1l"},"content":{"rendered":"<h2 data-section-id=\"g4teum\" data-start=\"77\" data-end=\"117\"><span role=\"text\"><strong data-start=\"80\" data-end=\"117\">Produktname (Verkehrsbezeichnung)<\/strong><\/span><\/h2>\n<p data-start=\"118\" data-end=\"168\">Erfrischungsgetr\u00e4nk mit Birnen- und Apfelgeschmack<\/p>\n<h2 data-section-id=\"10uzf5i\" data-start=\"1135\" data-end=\"1179\"><span role=\"text\"><strong data-start=\"1138\" data-end=\"1179\">Produktbeschreibung\u00a0<\/strong><\/span><\/h2>\n<p data-start=\"1180\" data-end=\"1407\">Fruchtig-mildes Erfrischungsgetr\u00e4nk mit Birnen- und Apfelgeschmack. Mit 25 % Fruchtanteil \u00fcberzeugt dieses Getr\u00e4nk durch seinen ausgewogenen, nat\u00fcrlich s\u00fc\u00dfen Geschmack. Ideal gek\u00fchlt als t\u00e4gliche Erfrischung f\u00fcr Gro\u00df und Klein.<\/p>\n<hr data-start=\"170\" data-end=\"173\" \/>\n<h2 data-section-id=\"oqist1\" data-start=\"175\" data-end=\"187\"><span role=\"text\"><strong data-start=\"178\" data-end=\"187\">Marke<\/strong><\/span><\/h2>\n<p data-start=\"188\" data-end=\"194\">Frutti<\/p>\n<hr data-start=\"196\" data-end=\"199\" \/>\n<h2 data-section-id=\"8h268w\" data-start=\"201\" data-end=\"215\"><span role=\"text\"><strong data-start=\"204\" data-end=\"215\">Zutaten<\/strong><\/span><\/h2>\n<p data-start=\"216\" data-end=\"388\">Wasser, Birnenp\u00fcree (15 %) (aus Konzentrat), Apfelp\u00fcree (10 %), Zucker, Citronens\u00e4ure (S\u00e4uerungsmittel), Ascorbins\u00e4ure (Antioxidationsmittel), Aroma, Xanthan (Stabilisator)<\/p>\n<hr data-start=\"390\" data-end=\"393\" \/>\n<h2 data-section-id=\"kb54zs\" data-start=\"395\" data-end=\"414\"><span role=\"text\"><strong data-start=\"398\" data-end=\"414\">Fruchtgehalt<\/strong><\/span><\/h2>\n<p data-start=\"415\" data-end=\"419\">25 %<\/p>\n<hr data-start=\"421\" data-end=\"424\" \/>\n<h2 data-section-id=\"9kkxzu\" data-start=\"426\" data-end=\"442\"><span role=\"text\"><strong data-start=\"429\" data-end=\"442\">Alergjen\u00eb:<\/strong><\/span><\/h2>\n<p data-start=\"443\" data-end=\"495\">Keine kennzeichnungspflichtigen Allergene enthalten.<\/p>\n<hr data-start=\"497\" data-end=\"500\" \/>\n<h2 data-section-id=\"u55g8v\" data-start=\"502\" data-end=\"523\"><span role=\"text\"><strong data-start=\"505\" data-end=\"523\">Nettof\u00fcllmenge<\/strong><\/span><\/h2>\n<p data-start=\"524\" data-end=\"531\">1 Liter<\/p>\n<hr data-start=\"533\" data-end=\"536\" \/>\n<h2 data-section-id=\"16ad64d\" data-start=\"538\" data-end=\"573\"><span role=\"text\"><strong data-start=\"541\" data-end=\"573\">N\u00e4hrwertangaben (pro 100 ml)<\/strong><\/span><\/h2>\n<ul data-start=\"574\" data-end=\"744\">\n<li data-section-id=\"1er3wgn\" data-start=\"574\" data-end=\"603\">Energie: 190 kJ \/ 45 kcal<\/li>\n<li data-section-id=\"1j9h70\" data-start=\"604\" data-end=\"660\">Fett: 0,0 g\n<ul data-start=\"622\" data-end=\"660\">\n<li data-section-id=\"5ylsm1\" data-start=\"622\" data-end=\"660\">davon ges\u00e4ttigte Fetts\u00e4uren: 0,0 g<\/li>\n<\/ul>\n<\/li>\n<li data-section-id=\"1yn3x00\" data-start=\"661\" data-end=\"710\">Kohlenhydrate: 11 g\n<ul data-start=\"687\" data-end=\"710\">\n<li data-section-id=\"1rf80mu\" data-start=\"687\" data-end=\"710\">davon Zucker: 8,5 g<\/li>\n<\/ul>\n<\/li>\n<li data-section-id=\"xy4vxv\" data-start=\"711\" data-end=\"728\">Eiwei\u00df: 0,2 g<\/li>\n<li data-section-id=\"15ndavx\" data-start=\"729\" data-end=\"744\">Salz: 0,0 g<\/li>\n<\/ul>\n<hr data-start=\"746\" data-end=\"749\" \/>\n<h2 data-section-id=\"wo2n1x\" data-start=\"751\" data-end=\"796\"><span role=\"text\"><strong data-start=\"754\" data-end=\"796\">Aufbewahrungs- und Verwendungshinweise<\/strong><\/span><\/h2>\n<p data-start=\"797\" data-end=\"903\">Vor Gebrauch gut sch\u00fctteln.<br data-start=\"824\" data-end=\"827\" \/>Nach dem \u00d6ffnen im K\u00fchlschrank lagern und innerhalb kurzer Zeit verbrauchen.<\/p>\n<hr data-start=\"905\" data-end=\"908\" \/>\n<h2 data-section-id=\"1pvjpsw\" data-start=\"910\" data-end=\"941\"><span role=\"text\"><strong data-start=\"913\" data-end=\"941\">Mindesthaltbarkeitsdatum<\/strong><\/span><\/h2>\n<p data-start=\"942\" data-end=\"991\">Siehe Verpackung (aufgedruckt auf der Oberseite).<\/p>\n<hr data-start=\"993\" data-end=\"996\" \/>\n<h2 data-section-id=\"hgyzo5\" data-start=\"998\" data-end=\"1034\"><span role=\"text\"><strong data-start=\"1001\" data-end=\"1034\">Importeur<\/strong><\/span><\/h2>\n<p data-start=\"1035\" data-end=\"1128\">4U Foods GmbH<\/p>\n<p data-start=\"1035\" data-end=\"1128\">Hochmeisterstra\u00dfe 11<\/p>\n<p data-start=\"1035\" data-end=\"1128\">53757 Sankt Augustin<\/p>\n<hr data-start=\"1130\" data-end=\"1133\" \/>\n<p data-start=\"1180\" data-end=\"1407\">","protected":false},"excerpt":{"rendered":"<p>Produktname (Verkehrsbezeichnung) Erfrischungsgetr\u00e4nk mit Birnen- und Apfelgeschmack Produktbeschreibung\u00a0 Fruchtig-mildes Erfrischungsgetr\u00e4nk mit Birnen- und Apfelgeschmack. Mit 25 % Fruchtanteil \u00fcberzeugt dieses Getr\u00e4nk durch seinen ausgewogenen, nat\u00fcrlich s\u00fc\u00dfen Geschmack. Ideal gek\u00fchlt als t\u00e4gliche Erfrischung f\u00fcr Gro\u00df und Klein. Marke Frutti Zutaten Wasser, Birnenp\u00fcree (15 %) (aus Konzentrat), Apfelp\u00fcree (10 %), Zucker, Citronens\u00e4ure (S\u00e4uerungsmittel), Ascorbins\u00e4ure (Antioxidationsmittel), Aroma, Xanthan [&hellip;]<\/p>\n","protected":false},"featured_media":97674,"template":"","meta":{"slim_seo":{"title":"Frutti Birnensaft 1l - Ekena","description":"Produktname (Verkehrsbezeichnung) Erfrischungsgetr\u00e4nk mit Birnen- und Apfelgeschmack Produktbeschreibung\u00a0 Fruchtig-mildes Erfrischungsgetr\u00e4nk mit Birnen- und Ap"}},"product_brand":[],"product_cat":[534,550,524,15],"product_tag":[],"class_list":{"0":"post-97673","1":"product","2":"type-product","3":"status-publish","4":"has-post-thumbnail","6":"product_cat-fruchtsaefte","7":"product_cat-frutti","8":"product_cat-getraenke","9":"product_cat-andere","11":"first","12":"instock","13":"taxable","14":"shipping-taxable","15":"purchasable","16":"product-type-simple"},"_links":{"self":[{"href":"https:\/\/ekena.de\/sq\/wp-json\/wp\/v2\/product\/97673","targetHints":{"allow":["GET"]}}],"collection":[{"href":"https:\/\/ekena.de\/sq\/wp-json\/wp\/v2\/product"}],"about":[{"href":"https:\/\/ekena.de\/sq\/wp-json\/wp\/v2\/types\/product"}],"version-history":[{"count":1,"href":"https:\/\/ekena.de\/sq\/wp-json\/wp\/v2\/product\/97673\/revisions"}],"predecessor-version":[{"id":97675,"href":"https:\/\/ekena.de\/sq\/wp-json\/wp\/v2\/product\/97673\/revisions\/97675"}],"wp:featuredmedia":[{"embeddable":true,"href":"https:\/\/ekena.de\/sq\/wp-json\/wp\/v2\/media\/97674"}],"wp:attachment":[{"href":"https:\/\/ekena.de\/sq\/wp-json\/wp\/v2\/media?parent=97673"}],"wp:term":[{"taxonomy":"product_brand","embeddable":true,"href":"https:\/\/ekena.de\/sq\/wp-json\/wp\/v2\/product_brand?post=97673"},{"taxonomy":"product_cat","embeddable":true,"href":"https:\/\/ekena.de\/sq\/wp-json\/wp\/v2\/product_cat?post=97673"},{"taxonomy":"product_tag","embeddable":true,"href":"https:\/\/ekena.de\/sq\/wp-json\/wp\/v2\/product_tag?post=97673"}],"curies":[{"name":"wp","href":"https:\/\/api.w.org\/{rel}","templated":true}]}}