{"id":97688,"date":"2026-05-02T16:06:06","date_gmt":"2026-05-02T16:06:06","guid":{"rendered":"https:\/\/ekena.de\/?post_type=product&#038;p=97688"},"modified":"2026-05-02T16:07:09","modified_gmt":"2026-05-02T16:07:09","slug":"97688","status":"publish","type":"product","link":"https:\/\/ekena.de\/sq\/produkt\/97688\/","title":{"rendered":"Vipa Kartoffelchips mit Paprikageschmack 130g"},"content":{"rendered":"<h2 data-section-id=\"vzy7pd\" data-start=\"141\" data-end=\"159\"><span role=\"text\"><strong data-start=\"144\" data-end=\"159\">Emri i Produktit:<\/strong><\/span><\/h2>\n<p data-start=\"160\" data-end=\"173\">Paprika Chips<\/p>\n<h2 data-section-id=\"2rdc7f\" data-start=\"175\" data-end=\"201\"><span role=\"text\"><strong data-start=\"178\" data-end=\"201\">Verkehrsbezeichnung<\/strong><\/span><\/h2>\n<p data-start=\"202\" data-end=\"237\">Kartoffelchips mit Paprikageschmack<\/p>\n<hr data-start=\"239\" data-end=\"242\" \/>\n<h2 data-section-id=\"8h268w\" data-start=\"244\" data-end=\"258\"><span role=\"text\"><strong data-start=\"247\" data-end=\"258\">Zutaten<\/strong><\/span><\/h2>\n<p data-start=\"259\" data-end=\"596\">Kartoffeln, pflanzliche \u00d6le (Sonnenblumen\u00f6l, Raps\u00f6l), Paprika-Gew\u00fcrzmischung (Zucker, Salz, Dextrose, Gew\u00fcrze, Geschmacksverst\u00e4rker: Mononatriumglutamat, Dinatrium-5&#8242;-Ribonukleotide; Laktose, getrocknete Zwiebel, Hefeextrakt, Antiklumpmittel: Siliciumdioxid; S\u00e4ureregulator: Zitronens\u00e4ure), Paprikaextrakt (0,03 %), Raucharoma (0,004 %).<\/p>\n<p data-start=\"598\" data-end=\"633\"><strong data-start=\"598\" data-end=\"610\">Hinweis:<\/strong> Kann Gluten enthalten.<\/p>\n<hr data-start=\"635\" data-end=\"638\" \/>\n<h2 data-section-id=\"9kkxzu\" data-start=\"640\" data-end=\"656\"><span role=\"text\"><strong data-start=\"643\" data-end=\"656\">Alergjen\u00eb:<\/strong><\/span><\/h2>\n<ul data-start=\"657\" data-end=\"716\">\n<li data-section-id=\"1b88vo0\" data-start=\"657\" data-end=\"687\">P\u00ebrmban: <strong data-start=\"668\" data-end=\"687\">Laktose (Milch)<\/strong><\/li>\n<li data-section-id=\"10aiy1o\" data-start=\"688\" data-end=\"716\">Kann enthalten: <strong data-start=\"706\" data-end=\"716\">Gluten<\/strong><\/li>\n<\/ul>\n<hr data-start=\"718\" data-end=\"721\" \/>\n<h2 data-section-id=\"u55g8v\" data-start=\"723\" data-end=\"744\"><span role=\"text\"><strong data-start=\"726\" data-end=\"744\">Nettof\u00fcllmenge<\/strong><\/span><\/h2>\n<p data-start=\"745\" data-end=\"750\">130 g<\/p>\n<hr data-start=\"752\" data-end=\"755\" \/>\n<h2 data-section-id=\"1pvjpsw\" data-start=\"757\" data-end=\"788\"><span role=\"text\"><strong data-start=\"760\" data-end=\"788\">Mindesthaltbarkeitsdatum<\/strong><\/span><\/h2>\n<p data-start=\"789\" data-end=\"841\">Siehe Aufdruck auf der Verpackung (z. B. 13.10.2026)<\/p>\n<hr data-start=\"843\" data-end=\"846\" \/>\n<h2 data-section-id=\"1ds5hox\" data-start=\"848\" data-end=\"876\"><span role=\"text\"><strong data-start=\"851\" data-end=\"876\">Aufbewahrungshinweise<\/strong><\/span><\/h2>\n<p data-start=\"877\" data-end=\"916\">Trocken und vor W\u00e4rme gesch\u00fctzt lagern.<\/p>\n<hr data-start=\"918\" data-end=\"921\" \/>\n<h2 data-section-id=\"1668v17\" data-start=\"923\" data-end=\"957\"><span role=\"text\"><strong data-start=\"926\" data-end=\"957\">N\u00e4hrwertangaben (pro 100 g)<\/strong><\/span><\/h2>\n<ul data-start=\"959\" data-end=\"1163\">\n<li data-section-id=\"kla2a\" data-start=\"959\" data-end=\"990\">Energie: 2256 kJ \/ 539 kcal<\/li>\n<li data-section-id=\"1gwh65w\" data-start=\"991\" data-end=\"1048\">Fett: 33,4 g\n<ul data-start=\"1010\" data-end=\"1048\">\n<li data-section-id=\"f12olx\" data-start=\"1010\" data-end=\"1048\">davon ges\u00e4ttigte Fetts\u00e4uren: 4,8 g<\/li>\n<\/ul>\n<\/li>\n<li data-section-id=\"kuqfet\" data-start=\"1049\" data-end=\"1100\">Kohlenhydrate: 52,6 g\n<ul data-start=\"1077\" data-end=\"1100\">\n<li data-section-id=\"1i9xn3y\" data-start=\"1077\" data-end=\"1100\">davon Zucker: 4,1 g<\/li>\n<\/ul>\n<\/li>\n<li data-section-id=\"102i0k4\" data-start=\"1101\" data-end=\"1125\">Ballaststoffe: 2,7 g<\/li>\n<li data-section-id=\"ni0xr\" data-start=\"1126\" data-end=\"1143\">Eiwei\u00df: 6,8 g<\/li>\n<li data-section-id=\"10quk8n\" data-start=\"1144\" data-end=\"1163\">Salz: ca. 1,7 g<\/li>\n<\/ul>\n<hr data-start=\"1165\" data-end=\"1168\" \/>\n<h2 data-section-id=\"1kgpujh\" data-start=\"1170\" data-end=\"1205\"><span role=\"text\"><strong data-start=\"1173\" data-end=\"1205\">N\u00e4hrwerte pro Portion (30 g)<\/strong><\/span><\/h2>\n<ul data-start=\"1207\" data-end=\"1333\">\n<li data-section-id=\"1k9rywe\" data-start=\"1207\" data-end=\"1241\">Energie: 676,9 kJ \/ 161,8 kcal<\/li>\n<li data-section-id=\"1y3t594\" data-start=\"1242\" data-end=\"1299\">Fett: 10,0 g\n<ul data-start=\"1261\" data-end=\"1299\">\n<li data-section-id=\"1kt81ek\" data-start=\"1261\" data-end=\"1299\">davon ges\u00e4ttigte Fetts\u00e4uren: 1,4 g<\/li>\n<\/ul>\n<\/li>\n<li data-section-id=\"1c9wk6i\" data-start=\"1300\" data-end=\"1317\">Zucker: 1,2 g<\/li>\n<li data-section-id=\"15piwrc\" data-start=\"1318\" data-end=\"1333\">Salz: 0,5 g<\/li>\n<\/ul>\n<hr data-start=\"1335\" data-end=\"1338\" \/>\n<h2 data-section-id=\"1lhe4yi\" data-start=\"1340\" data-end=\"1370\"><span role=\"text\"><strong data-start=\"1343\" data-end=\"1370\">Importeur<\/strong><\/span><\/h2>\n<p>Sofra Kosovare<br data-start=\"1252\" data-end=\"1255\" \/>Bornmoor 20, 22525 Hamburg, Deutschland<\/p>\n<hr data-start=\"1431\" data-end=\"1434\" \/>\n<h2 data-section-id=\"1hh98c8\" data-start=\"1436\" data-end=\"1451\"><span role=\"text\"><strong data-start=\"1439\" data-end=\"1451\">Herkunft<\/strong><\/span><\/h2>\n<p data-start=\"1452\" data-end=\"1458\">Kosovo<\/p>\n<hr data-start=\"1460\" data-end=\"1463\" \/>\n<h2 data-section-id=\"bur5mg\" data-start=\"1465\" data-end=\"1491\"><span role=\"text\"><strong data-start=\"1468\" data-end=\"1491\">Zus\u00e4tzliche Angaben<\/strong><\/span><\/h2>\n<ul data-start=\"1492\" data-end=\"1604\">\n<li data-section-id=\"w2hkc0\" data-start=\"1492\" data-end=\"1527\">Verpackt unter Schutzatmosph\u00e4re<\/li>\n<li data-section-id=\"1dvkwog\" data-start=\"1528\" data-end=\"1559\">Bild dient zur Illustration<\/li>\n<li data-section-id=\"1ufudwh\" data-start=\"1560\" data-end=\"1604\">Mit Sonnenblumen- und Raps\u00f6l hergestellt<\/li>\n<\/ul>","protected":false},"excerpt":{"rendered":"<p>Produktname Paprika Chips Verkehrsbezeichnung Kartoffelchips mit Paprikageschmack Zutaten Kartoffeln, pflanzliche \u00d6le (Sonnenblumen\u00f6l, Raps\u00f6l), Paprika-Gew\u00fcrzmischung (Zucker, Salz, Dextrose, Gew\u00fcrze, Geschmacksverst\u00e4rker: Mononatriumglutamat, Dinatrium-5&#8242;-Ribonukleotide; Laktose, getrocknete Zwiebel, Hefeextrakt, Antiklumpmittel: Siliciumdioxid; S\u00e4ureregulator: Zitronens\u00e4ure), Paprikaextrakt (0,03 %), Raucharoma (0,004 %). Hinweis: Kann Gluten enthalten. Allergene Enth\u00e4lt: Laktose (Milch) Kann enthalten: Gluten Nettof\u00fcllmenge 130 g Mindesthaltbarkeitsdatum Siehe Aufdruck auf der Verpackung [&hellip;]<\/p>\n","protected":false},"featured_media":96095,"template":"","meta":{"slim_seo":{"title":"Vipa Kartoffelchips mit Paprikageschmack 130g - Ekena","description":"Produktname Paprika Chips Verkehrsbezeichnung Kartoffelchips mit Paprikageschmack Zutaten Kartoffeln, pflanzliche \u00d6le (Sonnenblumen\u00f6l, Raps\u00f6l), Paprika-Gew\u00fcrzmi"}},"product_brand":[],"product_cat":[15],"product_tag":[],"class_list":{"0":"post-97688","1":"product","2":"type-product","3":"status-publish","4":"has-post-thumbnail","6":"product_cat-andere","8":"first","9":"instock","10":"taxable","11":"shipping-taxable","12":"purchasable","13":"product-type-simple"},"_links":{"self":[{"href":"https:\/\/ekena.de\/sq\/wp-json\/wp\/v2\/product\/97688","targetHints":{"allow":["GET"]}}],"collection":[{"href":"https:\/\/ekena.de\/sq\/wp-json\/wp\/v2\/product"}],"about":[{"href":"https:\/\/ekena.de\/sq\/wp-json\/wp\/v2\/types\/product"}],"version-history":[{"count":2,"href":"https:\/\/ekena.de\/sq\/wp-json\/wp\/v2\/product\/97688\/revisions"}],"predecessor-version":[{"id":97690,"href":"https:\/\/ekena.de\/sq\/wp-json\/wp\/v2\/product\/97688\/revisions\/97690"}],"wp:featuredmedia":[{"embeddable":true,"href":"https:\/\/ekena.de\/sq\/wp-json\/wp\/v2\/media\/96095"}],"wp:attachment":[{"href":"https:\/\/ekena.de\/sq\/wp-json\/wp\/v2\/media?parent=97688"}],"wp:term":[{"taxonomy":"product_brand","embeddable":true,"href":"https:\/\/ekena.de\/sq\/wp-json\/wp\/v2\/product_brand?post=97688"},{"taxonomy":"product_cat","embeddable":true,"href":"https:\/\/ekena.de\/sq\/wp-json\/wp\/v2\/product_cat?post=97688"},{"taxonomy":"product_tag","embeddable":true,"href":"https:\/\/ekena.de\/sq\/wp-json\/wp\/v2\/product_tag?post=97688"}],"curies":[{"name":"wp","href":"https:\/\/api.w.org\/{rel}","templated":true}]}}