{"id":97695,"date":"2026-05-02T17:09:24","date_gmt":"2026-05-02T17:09:24","guid":{"rendered":"https:\/\/ekena.de\/?post_type=product&#038;p=97695"},"modified":"2026-05-02T17:09:24","modified_gmt":"2026-05-02T17:09:24","slug":"vipa-kartoffelsnack-mit-haehnchengeschmack-100g","status":"publish","type":"product","link":"https:\/\/ekena.de\/sq\/produkt\/vipa-kartoffelsnack-mit-haehnchengeschmack-100g\/","title":{"rendered":"Vipa Kartoffelsnack mit H\u00e4hnchengeschmack 100g"},"content":{"rendered":"<h2 data-section-id=\"g47gby\" data-start=\"160\" data-end=\"185\"><span role=\"text\"><strong data-start=\"163\" data-end=\"185\">Produktbezeichnung<\/strong><\/span><\/h2>\n<p data-start=\"186\" data-end=\"262\">Kartoffelsnack mit H\u00e4hnchengeschmack (expandierter Snack auf Kartoffelbasis)<\/p>\n<hr data-start=\"264\" data-end=\"267\" \/>\n<h2 data-section-id=\"8h268w\" data-start=\"269\" data-end=\"283\"><span role=\"text\"><strong data-start=\"272\" data-end=\"283\">Zutaten<\/strong><\/span><\/h2>\n<p data-start=\"284\" data-end=\"719\">Kartoffelst\u00e4rke, dehydrierte Kartoffeln, Reismehl, Salz, Kaliumcitrat, Zitronens\u00e4ure, getrocknete Gew\u00fcrze (Paprika, Kurkuma), pflanzliche \u00d6le (Sonnenblumen\u00f6l, Raps\u00f6l in unterschiedlichen Anteilen), Aroma (H\u00e4hnchengeschmack), Weizenmaltodextrin, Geschmacksverst\u00e4rker (Mononatriumglutamat, Dinatriumguanylat, Dinatriuminosinat), Zucker, Zwiebeln, Kartoffelmaltodextrin, Trennmittel (Siliciumdioxid), Antioxidationsmittel (Ascorbins\u00e4ure).<\/p>\n<hr data-start=\"721\" data-end=\"724\" \/>\n<h2 data-section-id=\"9kkxzu\" data-start=\"726\" data-end=\"742\"><span role=\"text\"><strong data-start=\"729\" data-end=\"742\">Alergjen\u00eb:<\/strong><\/span><\/h2>\n<p data-start=\"743\" data-end=\"771\">Enth\u00e4lt <strong data-start=\"751\" data-end=\"770\">Gluten (Weizen)<\/strong>.<\/p>\n<hr data-start=\"773\" data-end=\"776\" \/>\n<h2 data-section-id=\"u55g8v\" data-start=\"778\" data-end=\"799\"><span role=\"text\"><strong data-start=\"781\" data-end=\"799\">Nettof\u00fcllmenge<\/strong><\/span><\/h2>\n<p data-start=\"800\" data-end=\"805\">100 g<\/p>\n<hr data-start=\"807\" data-end=\"810\" \/>\n<h2 data-section-id=\"1668v17\" data-start=\"812\" data-end=\"846\"><span role=\"text\"><strong data-start=\"815\" data-end=\"846\">N\u00e4hrwertangaben (pro 100 g)<\/strong><\/span><\/h2>\n<ul data-start=\"847\" data-end=\"1048\">\n<li data-section-id=\"2eyyta\" data-start=\"847\" data-end=\"878\">Energie: 2080 kJ \/ 497 kcal<\/li>\n<li data-section-id=\"pk7v65\" data-start=\"879\" data-end=\"937\">Fett: 30,5 g\n<ul data-start=\"898\" data-end=\"937\">\n<li data-section-id=\"1fapkni\" data-start=\"898\" data-end=\"937\">davon ges\u00e4ttigte Fetts\u00e4uren: 14,2 g<\/li>\n<\/ul>\n<\/li>\n<li data-section-id=\"ec7ggb\" data-start=\"938\" data-end=\"989\">Kohlenhydrate: 51,7 g\n<ul data-start=\"966\" data-end=\"989\">\n<li data-section-id=\"18w6242\" data-start=\"966\" data-end=\"989\">davon Zucker: 0,9 g<\/li>\n<\/ul>\n<\/li>\n<li data-section-id=\"104kmz7\" data-start=\"990\" data-end=\"1014\">Ballaststoffe: 2,0 g<\/li>\n<li data-section-id=\"1i37ycy\" data-start=\"1015\" data-end=\"1032\">Eiwei\u00df: 3,0 g<\/li>\n<li data-section-id=\"liy44f\" data-start=\"1033\" data-end=\"1048\">Salz: 1,3 g<\/li>\n<\/ul>\n<hr data-start=\"1050\" data-end=\"1053\" \/>\n<h2 data-section-id=\"1kgpujh\" data-start=\"1055\" data-end=\"1090\"><span role=\"text\"><strong data-start=\"1058\" data-end=\"1090\">N\u00e4hrwerte pro Portion (30 g)<\/strong><\/span><\/h2>\n<ul data-start=\"1091\" data-end=\"1268\">\n<li data-section-id=\"1opcpoi\" data-start=\"1091\" data-end=\"1121\">Energie: 624 kJ \/ 149 kcal<\/li>\n<li data-section-id=\"uufpz7\" data-start=\"1122\" data-end=\"1178\">Fett: 9,1 g\n<ul data-start=\"1140\" data-end=\"1178\">\n<li data-section-id=\"f4neou\" data-start=\"1140\" data-end=\"1178\">davon ges\u00e4ttigte Fetts\u00e4uren: 4,3 g<\/li>\n<\/ul>\n<\/li>\n<li data-section-id=\"105xzlb\" data-start=\"1179\" data-end=\"1234\">Kohlenhydrate: ca. 15,5 g\n<ul data-start=\"1211\" data-end=\"1234\">\n<li data-section-id=\"19385dk\" data-start=\"1211\" data-end=\"1234\">davon Zucker: 0,3 g<\/li>\n<\/ul>\n<\/li>\n<li data-section-id=\"y79lmg\" data-start=\"1235\" data-end=\"1252\">Eiwei\u00df: 0,9 g<\/li>\n<li data-section-id=\"15q6sex\" data-start=\"1253\" data-end=\"1268\">Salz: 0,4 g<\/li>\n<\/ul>\n<hr data-start=\"1270\" data-end=\"1273\" \/>\n<h2 data-section-id=\"1pvjpsw\" data-start=\"1275\" data-end=\"1306\"><span role=\"text\"><strong data-start=\"1278\" data-end=\"1306\">Mindesthaltbarkeitsdatum<\/strong><\/span><\/h2>\n<p data-start=\"1307\" data-end=\"1337\">Siehe Verpackung (aufgedruckt)<\/p>\n<hr data-start=\"1339\" data-end=\"1342\" \/>\n<h2 data-section-id=\"1rfwusg\" data-start=\"1344\" data-end=\"1363\"><span role=\"text\"><strong data-start=\"1347\" data-end=\"1363\">Aufbewahrung<\/strong><\/span><\/h2>\n<p data-start=\"1364\" data-end=\"1404\">K\u00fchl, trocken und lichtgesch\u00fctzt lagern.<\/p>\n<hr data-start=\"1406\" data-end=\"1409\" \/>\n<h2 data-section-id=\"19jwhs7\" data-start=\"1411\" data-end=\"1458\"><span role=\"text\"><strong data-start=\"1414\" data-end=\"1458\">Importeur<\/strong><\/span><\/h2>\n<h2 data-section-id=\"19jwhs7\" data-start=\"1411\" data-end=\"1458\">Sofra Kosovare, Bornmoor 20, 22525 Hamburg, Deutschland<\/h2>\n<hr data-start=\"1622\" data-end=\"1625\" \/>\n<h2 data-section-id=\"1hh98c8\" data-start=\"1627\" data-end=\"1642\"><span role=\"text\"><strong data-start=\"1630\" data-end=\"1642\">Herkunft<\/strong><\/span><\/h2>\n<p data-start=\"1643\" data-end=\"1649\">Kosovo<\/p>\n<hr data-start=\"1651\" data-end=\"1654\" \/>\n<h2 data-section-id=\"1m2t0lz\" data-start=\"1656\" data-end=\"1686\"><span role=\"text\"><strong data-start=\"1659\" data-end=\"1686\">Sonstige Pflichtangaben<\/strong><\/span><\/h2>\n<ul data-start=\"1687\" data-end=\"1781\">\n<li data-section-id=\"qj1ww\" data-start=\"1687\" data-end=\"1722\">Unter Schutzatmosph\u00e4re verpackt<\/li>\n<li data-section-id=\"fb1pzi\" data-start=\"1723\" data-end=\"1781\">Produktabbildung (H\u00e4hnchen) dient nur zur Illustration<\/li>\n<\/ul>","protected":false},"excerpt":{"rendered":"<h4><\/h4>","protected":false},"featured_media":97696,"template":"","meta":{"slim_seo":{"title":"Vipa Kartoffelsnack mit H\u00e4hnchengeschmack 100g - Ekena","description":""}},"product_brand":[],"product_cat":[15],"product_tag":[],"class_list":{"0":"post-97695","1":"product","2":"type-product","3":"status-publish","4":"has-post-thumbnail","6":"product_cat-andere","8":"first","9":"instock","10":"taxable","11":"shipping-taxable","12":"purchasable","13":"product-type-simple"},"_links":{"self":[{"href":"https:\/\/ekena.de\/sq\/wp-json\/wp\/v2\/product\/97695","targetHints":{"allow":["GET"]}}],"collection":[{"href":"https:\/\/ekena.de\/sq\/wp-json\/wp\/v2\/product"}],"about":[{"href":"https:\/\/ekena.de\/sq\/wp-json\/wp\/v2\/types\/product"}],"version-history":[{"count":1,"href":"https:\/\/ekena.de\/sq\/wp-json\/wp\/v2\/product\/97695\/revisions"}],"predecessor-version":[{"id":97697,"href":"https:\/\/ekena.de\/sq\/wp-json\/wp\/v2\/product\/97695\/revisions\/97697"}],"wp:featuredmedia":[{"embeddable":true,"href":"https:\/\/ekena.de\/sq\/wp-json\/wp\/v2\/media\/97696"}],"wp:attachment":[{"href":"https:\/\/ekena.de\/sq\/wp-json\/wp\/v2\/media?parent=97695"}],"wp:term":[{"taxonomy":"product_brand","embeddable":true,"href":"https:\/\/ekena.de\/sq\/wp-json\/wp\/v2\/product_brand?post=97695"},{"taxonomy":"product_cat","embeddable":true,"href":"https:\/\/ekena.de\/sq\/wp-json\/wp\/v2\/product_cat?post=97695"},{"taxonomy":"product_tag","embeddable":true,"href":"https:\/\/ekena.de\/sq\/wp-json\/wp\/v2\/product_tag?post=97695"}],"curies":[{"name":"wp","href":"https:\/\/api.w.org\/{rel}","templated":true}]}}