{"id":97700,"date":"2026-05-02T17:20:10","date_gmt":"2026-05-02T17:20:10","guid":{"rendered":"https:\/\/ekena.de\/?post_type=product&#038;p=97700"},"modified":"2026-05-02T17:20:10","modified_gmt":"2026-05-02T17:20:10","slug":"emona-schwarzer-tee-ceylon-tee-800g","status":"publish","type":"product","link":"https:\/\/ekena.de\/sq\/produkt\/emona-schwarzer-tee-ceylon-tee-800g\/","title":{"rendered":"Emona Schwarzer Tee (Ceylon Tee) 800g"},"content":{"rendered":"<h2 data-section-id=\"4pki0x\" data-start=\"138\" data-end=\"185\"><span role=\"text\"><strong data-start=\"141\" data-end=\"185\">Produktbezeichnung (Verkehrsbezeichnung)<\/strong><\/span><\/h2>\n<p data-start=\"186\" data-end=\"212\">Schwarzer Tee (Ceylon Tee)<\/p>\n<hr data-start=\"214\" data-end=\"217\" \/>\n<h2 data-section-id=\"oqist1\" data-start=\"219\" data-end=\"231\"><span role=\"text\"><strong data-start=\"222\" data-end=\"231\">Marke<\/strong><\/span><\/h2>\n<p data-start=\"232\" data-end=\"243\">Emona Brand<\/p>\n<hr data-start=\"245\" data-end=\"248\" \/>\n<h2 data-section-id=\"1h5clq1\" data-start=\"250\" data-end=\"276\"><span role=\"text\"><strong data-start=\"253\" data-end=\"276\">Produktbeschreibung<\/strong><\/span><\/h2>\n<p data-start=\"277\" data-end=\"490\">Premium Ceylon Schwarztee aus Sri Lanka. Ein naturbelassenes, kalorienfreies Getr\u00e4nk ohne Zusatz von Farb- oder Konservierungsstoffen. Ideal f\u00fcr den t\u00e4glichen Genuss \u2013 klassisch hei\u00df oder auch als Eistee geeignet.<\/p>\n<hr data-start=\"492\" data-end=\"495\" \/>\n<h2 data-section-id=\"8h268w\" data-start=\"497\" data-end=\"511\"><span role=\"text\"><strong data-start=\"500\" data-end=\"511\">Zutaten<\/strong><\/span><\/h2>\n<p data-start=\"512\" data-end=\"535\">100 % Ceylon Schwarztee<\/p>\n<hr data-start=\"537\" data-end=\"540\" \/>\n<h2 data-section-id=\"u55g8v\" data-start=\"542\" data-end=\"563\"><span role=\"text\"><strong data-start=\"545\" data-end=\"563\">Nettof\u00fcllmenge<\/strong><\/span><\/h2>\n<p data-start=\"564\" data-end=\"569\">800 g<\/p>\n<hr data-start=\"571\" data-end=\"574\" \/>\n<h2 data-section-id=\"ly0nlz\" data-start=\"576\" data-end=\"607\"><span role=\"text\"><strong data-start=\"579\" data-end=\"607\">Aufbewahrungsbedingungen<\/strong><\/span><\/h2>\n<p data-start=\"608\" data-end=\"648\">K\u00fchl, trocken und lichtgesch\u00fctzt lagern.<\/p>\n<hr data-start=\"650\" data-end=\"653\" \/>\n<h2 data-section-id=\"1pvjpsw\" data-start=\"655\" data-end=\"686\"><span role=\"text\"><strong data-start=\"658\" data-end=\"686\">Mindesthaltbarkeitsdatum<\/strong><\/span><\/h2>\n<p data-start=\"687\" data-end=\"726\">Siehe Verpackung<\/p>\n<hr data-start=\"728\" data-end=\"731\" \/>\n<h2 data-section-id=\"10t80t\" data-start=\"733\" data-end=\"787\"><span role=\"text\"><strong data-start=\"736\" data-end=\"787\">Name und Anschrift des Lebensmittelunternehmers<\/strong><\/span><\/h2>\n<p data-start=\"788\" data-end=\"844\">Emona Shpk<br data-start=\"798\" data-end=\"801\" \/>Ajet G\u00ebrguri 42<br data-start=\"816\" data-end=\"819\" \/>42000 Vushtrri<br data-start=\"833\" data-end=\"836\" \/>Kosovo<\/p>\n<hr data-start=\"846\" data-end=\"849\" \/>\n<h2 data-section-id=\"8z3trf\" data-start=\"851\" data-end=\"872\"><span role=\"text\"><strong data-start=\"854\" data-end=\"872\">Importeur (EU)<\/strong><\/span><\/h2>\n<p data-start=\"873\" data-end=\"961\">Drini Market Augsburg GmbH &amp; Co. KG<br data-start=\"908\" data-end=\"911\" \/>G\u00f6gginger Str. 91<br data-start=\"928\" data-end=\"931\" \/>86199 Augsburg<br data-start=\"945\" data-end=\"948\" \/>Deutschland<\/p>\n<hr data-start=\"963\" data-end=\"966\" \/>\n<h2 data-section-id=\"1hh98c8\" data-start=\"968\" data-end=\"983\"><span role=\"text\"><strong data-start=\"971\" data-end=\"983\">Herkunft<\/strong><\/span><\/h2>\n<p data-start=\"984\" data-end=\"1017\">Sri Lanka (verpackt in Sri Lanka)<\/p>\n<hr data-start=\"1019\" data-end=\"1022\" \/>\n<h2 data-section-id=\"fnzpkb\" data-start=\"1024\" data-end=\"1053\"><span role=\"text\"><strong data-start=\"1027\" data-end=\"1053\">Zubereitungsempfehlung<\/strong><\/span><\/h2>\n<p data-start=\"1054\" data-end=\"1135\">1 Teel\u00f6ffel (ca. 2 g) Tee mit hei\u00dfem Wasser aufgie\u00dfen, 3\u20135 Minuten ziehen lassen.<\/p>\n<hr data-start=\"1137\" data-end=\"1140\" \/>\n<h2 data-section-id=\"8hp6tu\" data-start=\"1142\" data-end=\"1194\"><span role=\"text\"><strong data-start=\"1145\" data-end=\"1194\">N\u00e4hrwertangaben (pro 100 ml zubereitetem Tee)<\/strong><\/span><\/h2>\n<p data-start=\"1195\" data-end=\"1231\">Energie: 0 kJ \/ 0 kcal<br data-start=\"1217\" data-end=\"1220\" \/>Fett: 0 g<\/p>\n<ul data-start=\"1232\" data-end=\"1337\">\n<li data-section-id=\"10sojmm\" data-start=\"1232\" data-end=\"1289\">davon ges\u00e4ttigte Fetts\u00e4uren: 0 g<br data-start=\"1266\" data-end=\"1269\" \/>Kohlenhydrate: 0 g<\/li>\n<li data-section-id=\"1vfq03v\" data-start=\"1290\" data-end=\"1337\">davon Zucker: 0 g<br data-start=\"1309\" data-end=\"1312\" \/>Eiwei\u00df: 0 g<br data-start=\"1323\" data-end=\"1326\" \/>Salz: 0 g<\/li>\n<\/ul>\n<p data-start=\"1339\" data-end=\"1401\">(Hinweis: Tee enth\u00e4lt vernachl\u00e4ssigbare Mengen an N\u00e4hrstoffen)<\/p>\n<hr data-start=\"1403\" data-end=\"1406\" \/>\n<h2 data-section-id=\"1ledoic\" data-start=\"1408\" data-end=\"1437\"><span role=\"text\"><strong data-start=\"1411\" data-end=\"1437\">Weitere Pflichtangaben<\/strong><\/span><\/h2>\n<ul data-start=\"1438\" data-end=\"1552\">\n<li data-section-id=\"1r89af5\" data-start=\"1438\" data-end=\"1488\">Ohne zugesetzte Farb- und Konservierungsstoffe<\/li>\n<li data-section-id=\"1qqabzi\" data-start=\"1489\" data-end=\"1552\">Kann geringe nat\u00fcrliche Mengen an Pflanzenstoffen enthalten<\/li>\n<\/ul>","protected":false},"excerpt":{"rendered":"<p>Produktbezeichnung (Verkehrsbezeichnung) Schwarzer Tee (Ceylon Tee) Marke Emona Brand Produktbeschreibung Premium Ceylon Schwarztee aus Sri Lanka. Ein naturbelassenes, kalorienfreies Getr\u00e4nk ohne Zusatz von Farb- oder Konservierungsstoffen. Ideal f\u00fcr den t\u00e4glichen Genuss \u2013 klassisch hei\u00df oder auch als Eistee geeignet. Zutaten 100 % Ceylon Schwarztee Nettof\u00fcllmenge 800 g Aufbewahrungsbedingungen K\u00fchl, trocken und lichtgesch\u00fctzt lagern. Mindesthaltbarkeitsdatum Siehe [&hellip;]<\/p>\n","protected":false},"featured_media":96147,"template":"","meta":{"slim_seo":{"title":"Emona Schwarzer Tee (Ceylon Tee) 800g - Ekena","description":"Produktbezeichnung (Verkehrsbezeichnung) Schwarzer Tee (Ceylon Tee) Marke Emona Brand Produktbeschreibung Premium Ceylon Schwarztee aus Sri Lanka. Ein naturbela"}},"product_brand":[],"product_cat":[15],"product_tag":[],"class_list":{"0":"post-97700","1":"product","2":"type-product","3":"status-publish","4":"has-post-thumbnail","6":"product_cat-andere","8":"first","9":"instock","10":"taxable","11":"shipping-taxable","12":"purchasable","13":"product-type-simple"},"_links":{"self":[{"href":"https:\/\/ekena.de\/sq\/wp-json\/wp\/v2\/product\/97700","targetHints":{"allow":["GET"]}}],"collection":[{"href":"https:\/\/ekena.de\/sq\/wp-json\/wp\/v2\/product"}],"about":[{"href":"https:\/\/ekena.de\/sq\/wp-json\/wp\/v2\/types\/product"}],"version-history":[{"count":1,"href":"https:\/\/ekena.de\/sq\/wp-json\/wp\/v2\/product\/97700\/revisions"}],"predecessor-version":[{"id":97701,"href":"https:\/\/ekena.de\/sq\/wp-json\/wp\/v2\/product\/97700\/revisions\/97701"}],"wp:featuredmedia":[{"embeddable":true,"href":"https:\/\/ekena.de\/sq\/wp-json\/wp\/v2\/media\/96147"}],"wp:attachment":[{"href":"https:\/\/ekena.de\/sq\/wp-json\/wp\/v2\/media?parent=97700"}],"wp:term":[{"taxonomy":"product_brand","embeddable":true,"href":"https:\/\/ekena.de\/sq\/wp-json\/wp\/v2\/product_brand?post=97700"},{"taxonomy":"product_cat","embeddable":true,"href":"https:\/\/ekena.de\/sq\/wp-json\/wp\/v2\/product_cat?post=97700"},{"taxonomy":"product_tag","embeddable":true,"href":"https:\/\/ekena.de\/sq\/wp-json\/wp\/v2\/product_tag?post=97700"}],"curies":[{"name":"wp","href":"https:\/\/api.w.org\/{rel}","templated":true}]}}