{"id":97704,"date":"2026-05-02T17:31:24","date_gmt":"2026-05-02T17:31:24","guid":{"rendered":"https:\/\/ekena.de\/?post_type=product&#038;p=97704"},"modified":"2026-05-02T17:42:56","modified_gmt":"2026-05-02T17:42:56","slug":"halta-cucina-500ml","status":"publish","type":"product","link":"https:\/\/ekena.de\/sq\/produkt\/halta-cucina-500ml\/","title":{"rendered":"Halta Cucina 500ml"},"content":{"rendered":"<h2 data-section-id=\"g4teum\" data-start=\"111\" data-end=\"151\"><span role=\"text\"><strong data-start=\"114\" data-end=\"151\">Produktname (Verkehrsbezeichnung)<\/strong><\/span><\/h2>\n<p data-start=\"152\" data-end=\"214\">UHT-Kochcreme (pflanzliche Zubereitung mit Milchbestandteilen)<\/p>\n<hr data-start=\"216\" data-end=\"219\" \/>\n<h2 data-section-id=\"oqist1\" data-start=\"221\" data-end=\"233\"><span role=\"text\"><strong data-start=\"224\" data-end=\"233\">Marke<\/strong><\/span><\/h2>\n<p data-start=\"234\" data-end=\"246\">Halta Cucina<\/p>\n<hr data-start=\"248\" data-end=\"251\" \/>\n<h2 data-section-id=\"j300uz\" data-start=\"253\" data-end=\"269\"><span role=\"text\"><strong data-start=\"256\" data-end=\"269\">F\u00fcllmenge<\/strong><\/span><\/h2>\n<p data-start=\"270\" data-end=\"276\">500 ml<\/p>\n<hr data-start=\"278\" data-end=\"281\" \/>\n<h2 data-section-id=\"8h268w\" data-start=\"283\" data-end=\"297\"><span role=\"text\"><strong data-start=\"286\" data-end=\"297\">Zutaten<\/strong><\/span><\/h2>\n<p data-start=\"298\" data-end=\"542\">Wasser, pflanzliche \u00d6le (Sonnenblumen-, Soja- und Palm\u00f6l in ver\u00e4nderlichen Gewichtsanteilen), <strong data-start=\"392\" data-end=\"407\">Buttermilch<\/strong> und <strong data-start=\"412\" data-end=\"432\">Magermilchpulver<\/strong>, Maltodextrin, Emulgatoren (E472e, Sojalecithin E471), Verdickungsmittel (E412, E410), Stabilisator (E339ii).<\/p>\n<p data-start=\"544\" data-end=\"590\"><strong data-start=\"544\" data-end=\"564\">Allergenhinweis:<\/strong><br data-start=\"564\" data-end=\"567\" \/>Enth\u00e4lt Milch und Soja.<\/p>\n<hr data-start=\"592\" data-end=\"595\" \/>\n<h2 data-section-id=\"1668v17\" data-start=\"597\" data-end=\"631\"><span role=\"text\"><strong data-start=\"600\" data-end=\"631\">N\u00e4hrwertangaben (pro 100 g)<\/strong><\/span><\/h2>\n<ul data-start=\"632\" data-end=\"806\">\n<li data-section-id=\"1nv6wyl\" data-start=\"632\" data-end=\"663\">Energie: 1056 kJ \/ 256 kcal<\/li>\n<li data-section-id=\"45onp5\" data-start=\"664\" data-end=\"721\">Fett: 25,0 g\n<ul data-start=\"683\" data-end=\"721\">\n<li data-section-id=\"17kuduj\" data-start=\"683\" data-end=\"721\">davon ges\u00e4ttigte Fetts\u00e4uren: 6,4 g<\/li>\n<\/ul>\n<\/li>\n<li data-section-id=\"1cbqrm8\" data-start=\"722\" data-end=\"772\">Kohlenhydrate: 5,0 g\n<ul data-start=\"749\" data-end=\"772\">\n<li data-section-id=\"1i7v0ov\" data-start=\"749\" data-end=\"772\">davon Zucker: 4,0 g<\/li>\n<\/ul>\n<\/li>\n<li data-section-id=\"1q9fr5h\" data-start=\"773\" data-end=\"790\">Eiwei\u00df: 2,6 g<\/li>\n<li data-section-id=\"15lyk4f\" data-start=\"791\" data-end=\"806\">Salz: 0,2 g<\/li>\n<\/ul>\n<hr data-start=\"808\" data-end=\"811\" \/>\n<h2 data-section-id=\"ly0nlz\" data-start=\"813\" data-end=\"844\"><span role=\"text\"><strong data-start=\"816\" data-end=\"844\">Aufbewahrungsbedingungen<\/strong><\/span><\/h2>\n<p data-start=\"845\" data-end=\"970\">Unge\u00f6ffnet bei +6 \u00b0C bis +20 \u00b0C lagern.<br data-start=\"884\" data-end=\"887\" \/>Nach dem \u00d6ffnen im K\u00fchlschrank aufbewahren und innerhalb von 3\u20134 Tagen verbrauchen.<\/p>\n<hr data-start=\"972\" data-end=\"975\" \/>\n<h2 data-section-id=\"urskqc\" data-start=\"977\" data-end=\"1002\"><span role=\"text\"><strong data-start=\"980\" data-end=\"1002\">Verwendungshinweis<\/strong><\/span><\/h2>\n<p data-start=\"1003\" data-end=\"1051\">Ideal f\u00fcr Pasta, Saucen, Pizza und Ofengerichte.<\/p>\n<hr data-start=\"1053\" data-end=\"1056\" \/>\n<h2 data-section-id=\"1pvjpsw\" data-start=\"1058\" data-end=\"1089\"><span role=\"text\"><strong data-start=\"1061\" data-end=\"1089\">Mindesthaltbarkeitsdatum<\/strong><\/span><\/h2>\n<p data-start=\"1090\" data-end=\"1121\">Siehe Verpackung (aufgedruckt).<\/p>\n<hr data-start=\"1123\" data-end=\"1126\" \/>\n<h2 data-section-id=\"135t9tb\" data-start=\"1128\" data-end=\"1145\"><span role=\"text\"><strong data-start=\"1131\" data-end=\"1145\">Hersteller<\/strong><\/span><\/h2>\n<p data-start=\"1146\" data-end=\"1220\">IPSA S.p.A.<br data-start=\"1157\" data-end=\"1160\" \/>Via Rufiana 29, 63072 Castignano (AP), Italien<br data-start=\"1206\" data-end=\"1209\" \/><a class=\"decorated-link cursor-pointer\" target=\"_new\" rel=\"noopener\" data-start=\"1209\" data-end=\"1220\">www.ipsa.it<\/a><\/p>\n<hr data-start=\"1222\" data-end=\"1225\" \/>\n<h2 data-section-id=\"gqkrdk\" data-start=\"1227\" data-end=\"1249\"><span role=\"text\"><strong data-start=\"1230\" data-end=\"1249\">Weitere Angaben<\/strong><\/span><\/h2>\n<ul data-start=\"1250\" data-end=\"1343\">\n<li data-section-id=\"1frx7o5\" data-start=\"1250\" data-end=\"1267\">UHT-behandelt<\/li>\n<li data-section-id=\"1i4m5ni\" data-start=\"1268\" data-end=\"1292\">Ohne geh\u00e4rtete Fette<\/li>\n<li data-section-id=\"1tludoe\" data-start=\"1293\" data-end=\"1320\">Glutenfrei zertifiziert<\/li>\n<li data-section-id=\"1b43lya\" data-start=\"1321\" data-end=\"1343\">Halal-zertifiziert<\/li>\n<\/ul>","protected":false},"excerpt":{"rendered":"<p>Produktname (Verkehrsbezeichnung) UHT-Kochcreme (pflanzliche Zubereitung mit Milchbestandteilen) Marke Halta Cucina F\u00fcllmenge 500 ml Zutaten Wasser, pflanzliche \u00d6le (Sonnenblumen-, Soja- und Palm\u00f6l in ver\u00e4nderlichen Gewichtsanteilen), Buttermilch und Magermilchpulver, Maltodextrin, Emulgatoren (E472e, Sojalecithin E471), Verdickungsmittel (E412, E410), Stabilisator (E339ii). Allergenhinweis:Enth\u00e4lt Milch und Soja. N\u00e4hrwertangaben (pro 100 g) Energie: 1056 kJ \/ 256 kcal Fett: 25,0 g davon [&hellip;]<\/p>\n","protected":false},"featured_media":97705,"template":"","meta":{"slim_seo":{"title":"Halta Cucina 500ml - Ekena","description":"Produktname (Verkehrsbezeichnung) UHT-Kochcreme (pflanzliche Zubereitung mit Milchbestandteilen) Marke Halta Cucina F\u00fcllmenge 500 ml Zutaten Wasser, pflanzliche"}},"product_brand":[],"product_cat":[15],"product_tag":[],"class_list":{"0":"post-97704","1":"product","2":"type-product","3":"status-publish","4":"has-post-thumbnail","6":"product_cat-andere","8":"first","9":"instock","10":"sale","11":"taxable","12":"shipping-taxable","13":"purchasable","14":"product-type-simple"},"_links":{"self":[{"href":"https:\/\/ekena.de\/sq\/wp-json\/wp\/v2\/product\/97704","targetHints":{"allow":["GET"]}}],"collection":[{"href":"https:\/\/ekena.de\/sq\/wp-json\/wp\/v2\/product"}],"about":[{"href":"https:\/\/ekena.de\/sq\/wp-json\/wp\/v2\/types\/product"}],"version-history":[{"count":2,"href":"https:\/\/ekena.de\/sq\/wp-json\/wp\/v2\/product\/97704\/revisions"}],"predecessor-version":[{"id":97708,"href":"https:\/\/ekena.de\/sq\/wp-json\/wp\/v2\/product\/97704\/revisions\/97708"}],"wp:featuredmedia":[{"embeddable":true,"href":"https:\/\/ekena.de\/sq\/wp-json\/wp\/v2\/media\/97705"}],"wp:attachment":[{"href":"https:\/\/ekena.de\/sq\/wp-json\/wp\/v2\/media?parent=97704"}],"wp:term":[{"taxonomy":"product_brand","embeddable":true,"href":"https:\/\/ekena.de\/sq\/wp-json\/wp\/v2\/product_brand?post=97704"},{"taxonomy":"product_cat","embeddable":true,"href":"https:\/\/ekena.de\/sq\/wp-json\/wp\/v2\/product_cat?post=97704"},{"taxonomy":"product_tag","embeddable":true,"href":"https:\/\/ekena.de\/sq\/wp-json\/wp\/v2\/product_tag?post=97704"}],"curies":[{"name":"wp","href":"https:\/\/api.w.org\/{rel}","templated":true}]}}